{"id":1679,"date":"2024-12-30T08:15:05","date_gmt":"2024-12-30T08:15:05","guid":{"rendered":"https:\/\/vilmalight.lt\/?page_id=1679"},"modified":"2026-01-31T16:37:30","modified_gmt":"2026-01-31T16:37:30","slug":"blogas","status":"publish","type":"page","link":"https:\/\/vilmalight.lt\/en\/blogas\/","title":{"rendered":"Blog&#8217;as"},"content":{"rendered":"<div data-elementor-type=\"wp-page\" data-elementor-id=\"1679\" class=\"elementor elementor-1679\" data-elementor-post-type=\"page\">\n\t\t\t\t\t\t<section class=\"elementor-section elementor-top-section elementor-element elementor-element-2a3a0cc1 elementor-section-full_width qodef-elementor-content-grid elementor-section-height-default elementor-section-height-default\" data-id=\"2a3a0cc1\" data-element_type=\"section\">\n\t\t\t\t\t\t<div class=\"elementor-container elementor-column-gap-no\">\n\t\t\t\t\t<div class=\"elementor-column elementor-col-100 elementor-top-column elementor-element elementor-element-25102d2\" data-id=\"25102d2\" data-element_type=\"column\" data-settings=\"{&quot;background_background&quot;:&quot;classic&quot;}\">\n\t\t\t<div class=\"elementor-widget-wrap elementor-element-populated\">\n\t\t\t\t\t\t<div class=\"elementor-element elementor-element-c7b7df1 elementor-widget elementor-widget-qi_addons_for_elementor_section_title\" data-id=\"c7b7df1\" data-element_type=\"widget\" data-widget_type=\"qi_addons_for_elementor_section_title.default\">\n\t\t\t\t<div class=\"elementor-widget-container\">\n\t\t\t\t\t<div class=\"qodef-shortcode qodef-m qodef-qi-section-title qodef-decoration--italic qodef-link--underline-draw qodef-subtitle-icon--left\">\n\t\t\t\t\t\t\t\t<\/div>\n\t\t\t\t<\/div>\n\t\t\t\t<\/div>\n\t\t\t\t\t<\/div>\n\t\t<\/div>\n\t\t\t\t\t<\/div>\n\t\t<\/section>\n\t\t\t\t<section class=\"elementor-section elementor-top-section elementor-element elementor-element-de5ce3a elementor-section-full_width qodef-elementor-content-grid elementor-section-height-default elementor-section-height-default\" data-id=\"de5ce3a\" data-element_type=\"section\">\n\t\t\t\t\t\t<div class=\"elementor-container elementor-column-gap-no\">\n\t\t\t\t\t<div class=\"elementor-column elementor-col-100 elementor-top-column elementor-element elementor-element-63a9607\" data-id=\"63a9607\" data-element_type=\"column\">\n\t\t\t<div class=\"elementor-widget-wrap elementor-element-populated\">\n\t\t\t\t\t\t<div class=\"elementor-element elementor-element-a24622d elementor-widget elementor-widget-qi_addons_for_elementor_section_title\" data-id=\"a24622d\" data-element_type=\"widget\" data-widget_type=\"qi_addons_for_elementor_section_title.default\">\n\t\t\t\t<div class=\"elementor-widget-container\">\n\t\t\t\t\t<div class=\"qodef-shortcode qodef-m qodef-qi-section-title qodef-decoration--italic qodef-link--underline-draw qodef-subtitle-icon--left\">\n\t\t\t\t\t\t<h2 class=\"qodef-m-title\">\n\t\tAggression and guilt \u2013 how to transform them?\t<\/h2>\n\t\t\t<div class=\"qodef-m-text\"><div class=\"qodef-e-text\"><p>Aggression, like guilt, is a tool for progress. The key is to learn how to use them properly, transforming them into light and positive forward movement. Aggression is an emotional energy that builds up in us every day. It is a repressed and unperformed active action that has not been expressed in time, and so it begins to accumulate and turns into destruction.<\/p><\/div><\/div>\n\t\t<div class=\"qodef-m-button qodef-qi-clear\">\n\t\t<a class=\"qodef-shortcode qodef-m qodef-qi-button qodef-html--link qodef-layout--filled qodef-type--standard qodef-icon--right qodef-hover--icon-move-horizontal-short\" href=\"https:\/\/vilmalight.lt\/en\/kalte-ir-agresija\/\" target=\"_self\">\t<span class=\"qodef-m-text\">Read more<\/span>\t<\/a>\t<\/div>\n<\/div>\n\t\t\t\t<\/div>\n\t\t\t\t<\/div>\n\t\t\t\t\t<\/div>\n\t\t<\/div>\n\t\t\t\t\t<\/div>\n\t\t<\/section>\n\t\t\t\t<section class=\"elementor-section elementor-top-section elementor-element elementor-element-b541dd2 elementor-section-full_width qodef-elementor-content-grid elementor-section-height-default elementor-section-height-default\" data-id=\"b541dd2\" data-element_type=\"section\">\n\t\t\t\t\t\t<div class=\"elementor-container elementor-column-gap-no\">\n\t\t\t\t\t<div class=\"elementor-column elementor-col-100 elementor-top-column elementor-element elementor-element-b29e1d0\" data-id=\"b29e1d0\" data-element_type=\"column\" data-settings=\"{&quot;background_background&quot;:&quot;classic&quot;}\">\n\t\t\t<div class=\"elementor-widget-wrap elementor-element-populated\">\n\t\t\t\t\t\t<div class=\"elementor-element elementor-element-525a8ca elementor-widget elementor-widget-qi_addons_for_elementor_section_title\" data-id=\"525a8ca\" data-element_type=\"widget\" data-widget_type=\"qi_addons_for_elementor_section_title.default\">\n\t\t\t\t<div class=\"elementor-widget-container\">\n\t\t\t\t\t<div class=\"qodef-shortcode qodef-m qodef-qi-section-title qodef-decoration--italic qodef-link--underline-draw qodef-subtitle-icon--left\">\n\t\t\t\t\t\t\t\t<\/div>\n\t\t\t\t<\/div>\n\t\t\t\t<\/div>\n\t\t\t\t\t<\/div>\n\t\t<\/div>\n\t\t\t\t\t<\/div>\n\t\t<\/section>\n\t\t\t\t<section class=\"elementor-section elementor-top-section elementor-element elementor-element-eae5f77 elementor-section-full_width qodef-elementor-content-grid elementor-section-height-default elementor-section-height-default\" data-id=\"eae5f77\" data-element_type=\"section\">\n\t\t\t\t\t\t<div class=\"elementor-container elementor-column-gap-no\">\n\t\t\t\t\t<div class=\"elementor-column elementor-col-100 elementor-top-column elementor-element elementor-element-89cabc1\" data-id=\"89cabc1\" data-element_type=\"column\">\n\t\t\t<div class=\"elementor-widget-wrap elementor-element-populated\">\n\t\t\t\t\t\t<div class=\"elementor-element elementor-element-7d49f63 elementor-widget elementor-widget-qi_addons_for_elementor_section_title\" data-id=\"7d49f63\" data-element_type=\"widget\" data-widget_type=\"qi_addons_for_elementor_section_title.default\">\n\t\t\t\t<div class=\"elementor-widget-container\">\n\t\t\t\t\t<div class=\"qodef-shortcode qodef-m qodef-qi-section-title qodef-decoration--italic qodef-link--underline-draw qodef-subtitle-icon--left\">\n\t\t\t\t\t\t<h2 class=\"qodef-m-title\">\n\t\tFear is not just a shadow, it's a motivator\t<\/h2>\n\t\t\t<div class=\"qodef-m-text\"><div class=\"qodef-e-text\"><div class=\"qodef-e-text\"><p class=\"qodef-e-excerpt\">Have you ever wondered why we fear? Fear is often perceived as a negative emotion, but it is, in fact, one of the key driving forces behind human progress. <span style=\"font-weight: 400\">Fear pushes us forward, urging us to find solutions and grow. The flip side of fear is love. If fear symbolizes grey color, darkness or shadows, love represents light and golden energy.\u00a0<\/span><span style=\"font-weight: 400\"> These two forces coexist, creating balance in our lives\u00a0<\/span><\/p><\/div><\/div><\/div>\n\t\t<div class=\"qodef-m-button qodef-qi-clear\">\n\t\t<a class=\"qodef-shortcode qodef-m qodef-qi-button qodef-html--link qodef-layout--filled qodef-type--standard qodef-icon--right qodef-hover--icon-move-horizontal-short\" href=\"https:\/\/vilmalight.lt\/en\/baime-ir-prielipos\/\" target=\"_self\">\t<span class=\"qodef-m-text\">Read more<\/span>\t<\/a>\t<\/div>\n<\/div>\n\t\t\t\t<\/div>\n\t\t\t\t<\/div>\n\t\t\t\t\t<\/div>\n\t\t<\/div>\n\t\t\t\t\t<\/div>\n\t\t<\/section>\n\t\t\t\t<section class=\"elementor-section elementor-top-section elementor-element elementor-element-d8dadca elementor-section-full_width qodef-elementor-content-grid elementor-section-height-default elementor-section-height-default\" data-id=\"d8dadca\" data-element_type=\"section\">\n\t\t\t\t\t\t<div class=\"elementor-container elementor-column-gap-no\">\n\t\t\t\t\t<div class=\"elementor-column elementor-col-100 elementor-top-column elementor-element elementor-element-eefdcbf\" data-id=\"eefdcbf\" data-element_type=\"column\" data-settings=\"{&quot;background_background&quot;:&quot;classic&quot;}\">\n\t\t\t<div class=\"elementor-widget-wrap elementor-element-populated\">\n\t\t\t\t\t\t<div class=\"elementor-element elementor-element-70ca108 elementor-widget elementor-widget-qi_addons_for_elementor_section_title\" data-id=\"70ca108\" data-element_type=\"widget\" data-widget_type=\"qi_addons_for_elementor_section_title.default\">\n\t\t\t\t<div class=\"elementor-widget-container\">\n\t\t\t\t\t<div class=\"qodef-shortcode qodef-m qodef-qi-section-title qodef-decoration--italic qodef-link--underline-draw qodef-subtitle-icon--left\">\n\t\t\t\t\t\t\t\t<\/div>\n\t\t\t\t<\/div>\n\t\t\t\t<\/div>\n\t\t\t\t\t<\/div>\n\t\t<\/div>\n\t\t\t\t\t<\/div>\n\t\t<\/section>\n\t\t\t\t<section class=\"elementor-section elementor-top-section elementor-element elementor-element-0158f18 elementor-section-full_width qodef-elementor-content-grid elementor-section-height-default elementor-section-height-default\" data-id=\"0158f18\" data-element_type=\"section\">\n\t\t\t\t\t\t<div class=\"elementor-container elementor-column-gap-no\">\n\t\t\t\t\t<div class=\"elementor-column elementor-col-100 elementor-top-column elementor-element elementor-element-23817d1\" data-id=\"23817d1\" data-element_type=\"column\">\n\t\t\t<div class=\"elementor-widget-wrap elementor-element-populated\">\n\t\t\t\t\t\t<div class=\"elementor-element elementor-element-56e90ce elementor-widget elementor-widget-qi_addons_for_elementor_section_title\" data-id=\"56e90ce\" data-element_type=\"widget\" data-widget_type=\"qi_addons_for_elementor_section_title.default\">\n\t\t\t\t<div class=\"elementor-widget-container\">\n\t\t\t\t\t<div class=\"qodef-shortcode qodef-m qodef-qi-section-title qodef-decoration--italic qodef-link--underline-draw qodef-subtitle-icon--left\">\n\t\t\t\t\t\t<h2 class=\"qodef-m-title\">\n\t\tThe path to fulfilment and harmony\t<\/h2>\n\t\t\t<div class=\"qodef-m-text\"><div class=\"qodef-e-text\"><div class=\"qodef-e-text\"><p class=\"qodef-e-excerpt\">Understanding your rays allows you to perceive your unique traits and personal evolutionary direction better. It also helps in comprehending those around you\u2014family, colleagues\u2014their thought patterns, and offers guidance on how to interact for mutual understanding. This opens the door to a more harmonious life in relationships and self-realization while enabling wiser use of time and energy to achieve your goals effectively.<\/p><\/div><\/div><\/div>\n\t\t<div class=\"qodef-m-button qodef-qi-clear\">\n\t\t<a class=\"qodef-shortcode qodef-m qodef-qi-button qodef-html--link qodef-layout--filled qodef-type--standard qodef-icon--right qodef-hover--icon-move-horizontal-short\" href=\"https:\/\/vilmalight.lt\/en\/spinduliu-sistema\/\" target=\"_self\">\t<span class=\"qodef-m-text\">Read more<\/span>\t<\/a>\t<\/div>\n<\/div>\n\t\t\t\t<\/div>\n\t\t\t\t<\/div>\n\t\t\t\t\t<\/div>\n\t\t<\/div>\n\t\t\t\t\t<\/div>\n\t\t<\/section>\n\t\t\t\t<section class=\"elementor-section elementor-top-section elementor-element elementor-element-b604e75 elementor-section-full_width qodef-elementor-content-grid elementor-section-height-default elementor-section-height-default\" data-id=\"b604e75\" data-element_type=\"section\">\n\t\t\t\t\t\t<div class=\"elementor-container elementor-column-gap-no\">\n\t\t\t\t\t<div class=\"elementor-column elementor-col-100 elementor-top-column elementor-element elementor-element-4e12100\" data-id=\"4e12100\" data-element_type=\"column\" data-settings=\"{&quot;background_background&quot;:&quot;classic&quot;}\">\n\t\t\t<div class=\"elementor-widget-wrap elementor-element-populated\">\n\t\t\t\t\t\t<div class=\"elementor-element elementor-element-ca20926 elementor-widget elementor-widget-qi_addons_for_elementor_section_title\" data-id=\"ca20926\" data-element_type=\"widget\" data-widget_type=\"qi_addons_for_elementor_section_title.default\">\n\t\t\t\t<div class=\"elementor-widget-container\">\n\t\t\t\t\t<div class=\"qodef-shortcode qodef-m qodef-qi-section-title qodef-decoration--italic qodef-link--underline-draw qodef-subtitle-icon--left\">\n\t\t\t\t\t\t\t\t<\/div>\n\t\t\t\t<\/div>\n\t\t\t\t<\/div>\n\t\t\t\t\t<\/div>\n\t\t<\/div>\n\t\t\t\t\t<\/div>\n\t\t<\/section>\n\t\t\t\t<section class=\"elementor-section elementor-top-section elementor-element elementor-element-6e589a4 elementor-section-full_width qodef-elementor-content-grid elementor-section-height-default elementor-section-height-default\" data-id=\"6e589a4\" data-element_type=\"section\">\n\t\t\t\t\t\t<div class=\"elementor-container elementor-column-gap-no\">\n\t\t\t\t\t<div class=\"elementor-column elementor-col-100 elementor-top-column elementor-element elementor-element-89fb0af\" data-id=\"89fb0af\" data-element_type=\"column\">\n\t\t\t<div class=\"elementor-widget-wrap elementor-element-populated\">\n\t\t\t\t\t\t<div class=\"elementor-element elementor-element-47102f4 elementor-widget elementor-widget-qi_addons_for_elementor_section_title\" data-id=\"47102f4\" data-element_type=\"widget\" data-widget_type=\"qi_addons_for_elementor_section_title.default\">\n\t\t\t\t<div class=\"elementor-widget-container\">\n\t\t\t\t\t<div class=\"qodef-shortcode qodef-m qodef-qi-section-title qodef-decoration--italic qodef-link--underline-draw qodef-subtitle-icon--left\">\n\t\t\t\t\t\t<h2 class=\"qodef-m-title\">\n\t\tMap of Consciousness\t<\/h2>\n\t\t\t<div class=\"qodef-m-text\"><div class=\"qodef-e-text\"><div class=\"qodef-e-text\"><p class=\"qodef-e-excerpt\"><span style=\"font-weight: 400\">Using principles of kinesiology and spiritual growth, Dr. David R. Hawkins developed a scale to measure a person\u2019s internal vibration, from the lowest emotions, such as shame or fear, to the highest\u2014love, joy, and enlightenment. This map of consciousness helps to understand where an individual stands and which stage of evolution they are in, motivating and empowering them to reach higher levels through spiritual practices and increased awareness.<\/span><\/p><\/div><\/div><\/div>\n\t\t<div class=\"qodef-m-button qodef-qi-clear\">\n\t\t<a class=\"qodef-shortcode qodef-m qodef-qi-button qodef-html--link qodef-layout--filled qodef-type--standard qodef-icon--right qodef-hover--icon-move-horizontal-short\" href=\"https:\/\/vilmalight.lt\/en\/kelias-i-savirealizacija-ir-harmonija\/\" target=\"_self\">\t<span class=\"qodef-m-text\">Read more<\/span>\t<\/a>\t<\/div>\n<\/div>\n\t\t\t\t<\/div>\n\t\t\t\t<\/div>\n\t\t\t\t\t<\/div>\n\t\t<\/div>\n\t\t\t\t\t<\/div>\n\t\t<\/section>\n\t\t\t\t<\/div>","protected":false},"excerpt":{"rendered":"<p>Agresija ir kalt\u0117 &#8211; kaip jas transformuoti? Agresija kaip ir kalt\u0117 \u2013 progreso \u012frankiai. Svarbiausia yra i\u0161mokti jais tinkamai naudotis, transformuojant juos \u012f \u0161vies\u0105 ir pozityv\u0173 jud\u0117jim\u0105 pirmyn. Agresija yra emocin\u0117 energija, kuri kaupiasi mumyse kasdien. Tai yra u\u017espaustas ir neatliktas aktyvus veiksmas, kuris nebuvo laiku i\u0161reik\u0161tas, tod\u0117l ima kauptis ir virsta destrukcija. Skaityti daugiau [&hellip;]<\/p>","protected":false},"author":1,"featured_media":2795,"parent":0,"menu_order":0,"comment_status":"closed","ping_status":"closed","template":"qi-full-width.php","meta":{"inline_featured_image":false,"footnotes":""},"class_list":["post-1679","page","type-page","status-publish","has-post-thumbnail","hentry"],"yoast_head":"<!-- This site is optimized with the Yoast SEO plugin v26.8 - https:\/\/yoast.com\/product\/yoast-seo-wordpress\/ -->\n<title>Blog&#039;as - Vilmalight<\/title>\n<meta name=\"description\" content=\"Vilma LIGHT: poky\u010diai per darb\u0105 su pas\u0105mone. Ugdomas s\u0105moningumas, kad atrasti pusiausvyr\u0105, harmonij\u0105. J\u016bs\u0173 potencialas slypi j\u016bs\u0173 pas\u0105mon\u0117s \u012fra\u0161uose.\" \/>\n<meta name=\"robots\" content=\"index, follow, max-snippet:-1, max-image-preview:large, max-video-preview:-1\" \/>\n<link rel=\"canonical\" href=\"https:\/\/vilmalight.lt\/en\/blogas\/\" \/>\n<meta property=\"og:locale\" content=\"en_US\" \/>\n<meta property=\"og:type\" content=\"article\" \/>\n<meta property=\"og:title\" content=\"Vilma LIGHT: s\u0105moningumas I pusiausvyra I harmonija I transformacija I konsultacija\" \/>\n<meta property=\"og:description\" content=\"Vilma LIGHT: poky\u010diai per darb\u0105 su pas\u0105mone. Ugdomas s\u0105moningumas, kad atrasti pusiausvyr\u0105, harmonij\u0105. J\u016bs\u0173 potencialas slypi j\u016bs\u0173 pas\u0105mon\u0117s \u012fra\u0161uose.\" \/>\n<meta property=\"og:url\" content=\"https:\/\/vilmalight.lt\/en\/blogas\/\" \/>\n<meta property=\"og:site_name\" content=\"Vilmalight\" \/>\n<meta property=\"article:modified_time\" content=\"2026-01-31T16:37:30+00:00\" \/>\n<meta property=\"og:image\" content=\"https:\/\/vilmalight.lt\/wp-content\/uploads\/2024\/12\/kalte_agresija-1-1024x424.png\" \/>\n\t<meta property=\"og:image:width\" content=\"1024\" \/>\n\t<meta property=\"og:image:height\" content=\"424\" \/>\n\t<meta property=\"og:image:type\" content=\"image\/png\" \/>\n<meta name=\"twitter:card\" content=\"summary_large_image\" \/>\n<meta name=\"twitter:label1\" content=\"Est. reading time\" \/>\n\t<meta name=\"twitter:data1\" content=\"2 minutes\" \/>\n<script type=\"application\/ld+json\" class=\"yoast-schema-graph\">{\"@context\":\"https:\/\/schema.org\",\"@graph\":[{\"@type\":\"WebPage\",\"@id\":\"https:\/\/vilmalight.lt\/blogas\/\",\"url\":\"https:\/\/vilmalight.lt\/blogas\/\",\"name\":\"Blog'as - Vilmalight\",\"isPartOf\":{\"@id\":\"https:\/\/vilmalight.lt\/#website\"},\"primaryImageOfPage\":{\"@id\":\"https:\/\/vilmalight.lt\/blogas\/#primaryimage\"},\"image\":{\"@id\":\"https:\/\/vilmalight.lt\/blogas\/#primaryimage\"},\"thumbnailUrl\":\"https:\/\/vilmalight.lt\/wp-content\/uploads\/2025\/05\/kalnai-blog.jpg\",\"datePublished\":\"2024-12-30T08:15:05+00:00\",\"dateModified\":\"2026-01-31T16:37:30+00:00\",\"description\":\"Vilma LIGHT: poky\u010diai per darb\u0105 su pas\u0105mone. Ugdomas s\u0105moningumas, kad atrasti pusiausvyr\u0105, harmonij\u0105. J\u016bs\u0173 potencialas slypi j\u016bs\u0173 pas\u0105mon\u0117s \u012fra\u0161uose.\",\"breadcrumb\":{\"@id\":\"https:\/\/vilmalight.lt\/blogas\/#breadcrumb\"},\"inLanguage\":\"en-US\",\"potentialAction\":[{\"@type\":\"ReadAction\",\"target\":[\"https:\/\/vilmalight.lt\/blogas\/\"]}]},{\"@type\":\"ImageObject\",\"inLanguage\":\"en-US\",\"@id\":\"https:\/\/vilmalight.lt\/blogas\/#primaryimage\",\"url\":\"https:\/\/vilmalight.lt\/wp-content\/uploads\/2025\/05\/kalnai-blog.jpg\",\"contentUrl\":\"https:\/\/vilmalight.lt\/wp-content\/uploads\/2025\/05\/kalnai-blog.jpg\",\"width\":2200,\"height\":1469},{\"@type\":\"BreadcrumbList\",\"@id\":\"https:\/\/vilmalight.lt\/blogas\/#breadcrumb\",\"itemListElement\":[{\"@type\":\"ListItem\",\"position\":1,\"name\":\"Home\",\"item\":\"https:\/\/vilmalight.lt\/\"},{\"@type\":\"ListItem\",\"position\":2,\"name\":\"Blog&#8217;as\"}]},{\"@type\":\"WebSite\",\"@id\":\"https:\/\/vilmalight.lt\/#website\",\"url\":\"https:\/\/vilmalight.lt\/\",\"name\":\"Vilma LIGHT\",\"description\":\"\",\"potentialAction\":[{\"@type\":\"SearchAction\",\"target\":{\"@type\":\"EntryPoint\",\"urlTemplate\":\"https:\/\/vilmalight.lt\/?s={search_term_string}\"},\"query-input\":{\"@type\":\"PropertyValueSpecification\",\"valueRequired\":true,\"valueName\":\"search_term_string\"}}],\"inLanguage\":\"en-US\"}]}<\/script>\n<!-- \/ Yoast SEO plugin. -->","yoast_head_json":{"title":"Blog'as - Vilmalight","description":"Vilma LIGHT: poky\u010diai per darb\u0105 su pas\u0105mone. Ugdomas s\u0105moningumas, kad atrasti pusiausvyr\u0105, harmonij\u0105. J\u016bs\u0173 potencialas slypi j\u016bs\u0173 pas\u0105mon\u0117s \u012fra\u0161uose.","robots":{"index":"index","follow":"follow","max-snippet":"max-snippet:-1","max-image-preview":"max-image-preview:large","max-video-preview":"max-video-preview:-1"},"canonical":"https:\/\/vilmalight.lt\/en\/blogas\/","og_locale":"en_US","og_type":"article","og_title":"Vilma LIGHT: s\u0105moningumas I pusiausvyra I harmonija I transformacija I konsultacija","og_description":"Vilma LIGHT: poky\u010diai per darb\u0105 su pas\u0105mone. Ugdomas s\u0105moningumas, kad atrasti pusiausvyr\u0105, harmonij\u0105. J\u016bs\u0173 potencialas slypi j\u016bs\u0173 pas\u0105mon\u0117s \u012fra\u0161uose.","og_url":"https:\/\/vilmalight.lt\/en\/blogas\/","og_site_name":"Vilmalight","article_modified_time":"2026-01-31T16:37:30+00:00","og_image":[{"width":1024,"height":424,"url":"https:\/\/vilmalight.lt\/wp-content\/uploads\/2024\/12\/kalte_agresija-1-1024x424.png","type":"image\/png"}],"twitter_card":"summary_large_image","twitter_misc":{"Est. reading time":"2 minutes"},"schema":{"@context":"https:\/\/schema.org","@graph":[{"@type":"WebPage","@id":"https:\/\/vilmalight.lt\/blogas\/","url":"https:\/\/vilmalight.lt\/blogas\/","name":"Blog'as - Vilmalight","isPartOf":{"@id":"https:\/\/vilmalight.lt\/#website"},"primaryImageOfPage":{"@id":"https:\/\/vilmalight.lt\/blogas\/#primaryimage"},"image":{"@id":"https:\/\/vilmalight.lt\/blogas\/#primaryimage"},"thumbnailUrl":"https:\/\/vilmalight.lt\/wp-content\/uploads\/2025\/05\/kalnai-blog.jpg","datePublished":"2024-12-30T08:15:05+00:00","dateModified":"2026-01-31T16:37:30+00:00","description":"Vilma LIGHT: poky\u010diai per darb\u0105 su pas\u0105mone. Ugdomas s\u0105moningumas, kad atrasti pusiausvyr\u0105, harmonij\u0105. J\u016bs\u0173 potencialas slypi j\u016bs\u0173 pas\u0105mon\u0117s \u012fra\u0161uose.","breadcrumb":{"@id":"https:\/\/vilmalight.lt\/blogas\/#breadcrumb"},"inLanguage":"en-US","potentialAction":[{"@type":"ReadAction","target":["https:\/\/vilmalight.lt\/blogas\/"]}]},{"@type":"ImageObject","inLanguage":"en-US","@id":"https:\/\/vilmalight.lt\/blogas\/#primaryimage","url":"https:\/\/vilmalight.lt\/wp-content\/uploads\/2025\/05\/kalnai-blog.jpg","contentUrl":"https:\/\/vilmalight.lt\/wp-content\/uploads\/2025\/05\/kalnai-blog.jpg","width":2200,"height":1469},{"@type":"BreadcrumbList","@id":"https:\/\/vilmalight.lt\/blogas\/#breadcrumb","itemListElement":[{"@type":"ListItem","position":1,"name":"Home","item":"https:\/\/vilmalight.lt\/"},{"@type":"ListItem","position":2,"name":"Blog&#8217;as"}]},{"@type":"WebSite","@id":"https:\/\/vilmalight.lt\/#website","url":"https:\/\/vilmalight.lt\/","name":"Vilma LIGHT","description":"","potentialAction":[{"@type":"SearchAction","target":{"@type":"EntryPoint","urlTemplate":"https:\/\/vilmalight.lt\/?s={search_term_string}"},"query-input":{"@type":"PropertyValueSpecification","valueRequired":true,"valueName":"search_term_string"}}],"inLanguage":"en-US"}]}},"_links":{"self":[{"href":"https:\/\/vilmalight.lt\/en\/wp-json\/wp\/v2\/pages\/1679","targetHints":{"allow":["GET"]}}],"collection":[{"href":"https:\/\/vilmalight.lt\/en\/wp-json\/wp\/v2\/pages"}],"about":[{"href":"https:\/\/vilmalight.lt\/en\/wp-json\/wp\/v2\/types\/page"}],"author":[{"embeddable":true,"href":"https:\/\/vilmalight.lt\/en\/wp-json\/wp\/v2\/users\/1"}],"replies":[{"embeddable":true,"href":"https:\/\/vilmalight.lt\/en\/wp-json\/wp\/v2\/comments?post=1679"}],"version-history":[{"count":36,"href":"https:\/\/vilmalight.lt\/en\/wp-json\/wp\/v2\/pages\/1679\/revisions"}],"predecessor-version":[{"id":3535,"href":"https:\/\/vilmalight.lt\/en\/wp-json\/wp\/v2\/pages\/1679\/revisions\/3535"}],"wp:featuredmedia":[{"embeddable":true,"href":"https:\/\/vilmalight.lt\/en\/wp-json\/wp\/v2\/media\/2795"}],"wp:attachment":[{"href":"https:\/\/vilmalight.lt\/en\/wp-json\/wp\/v2\/media?parent=1679"}],"curies":[{"name":"wp","href":"https:\/\/api.w.org\/{rel}","templated":true}]}}