{"id":2552,"date":"2025-01-17T14:40:04","date_gmt":"2025-01-17T14:40:04","guid":{"rendered":"https:\/\/vilmalight.lt\/?page_id=2552"},"modified":"2025-01-17T14:41:49","modified_gmt":"2025-01-17T14:41:49","slug":"privatumo-politika","status":"publish","type":"page","link":"https:\/\/vilmalight.lt\/en\/privatumo-politika\/","title":{"rendered":"Privacy policy"},"content":{"rendered":"<div data-elementor-type=\"wp-page\" data-elementor-id=\"2552\" class=\"elementor elementor-2552\" data-elementor-post-type=\"page\">\n\t\t\t\t\t\t<section class=\"elementor-section elementor-top-section elementor-element elementor-element-13431da elementor-section-full_width qodef-elementor-content-grid elementor-section-height-default elementor-section-height-default\" data-id=\"13431da\" data-element_type=\"section\">\n\t\t\t\t\t\t<div class=\"elementor-container elementor-column-gap-no\">\n\t\t\t\t\t<div class=\"elementor-column elementor-col-100 elementor-top-column elementor-element elementor-element-34dba46\" data-id=\"34dba46\" data-element_type=\"column\">\n\t\t\t<div class=\"elementor-widget-wrap elementor-element-populated\">\n\t\t\t\t\t\t<div class=\"elementor-element elementor-element-932d216 elementor-widget__width-inherit elementor-widget elementor-widget-qi_addons_for_elementor_section_title\" data-id=\"932d216\" data-element_type=\"widget\" data-widget_type=\"qi_addons_for_elementor_section_title.default\">\n\t\t\t\t<div class=\"elementor-widget-container\">\n\t\t\t\t\t<div class=\"qodef-shortcode qodef-m qodef-qi-section-title qodef-decoration--italic qodef-link--underline-draw qodef-subtitle-icon--left\">\n\t\t\t\t\t\t<h2 class=\"qodef-m-title\">\n\t\tPrivacy policy\t<\/h2>\n\t\t\t<div class=\"qodef-m-text\"><div class=\"qodef-e-text\"><p><span style=\"font-weight: 400\">J\u016bs lankydamiesi vilmalight.lt interneto svetain\u0117je ir naudodamiesi joje esan\u010diomis prek\u0117mis\/paslaugomis suteikiate savo sutikim\u0105 Vilmai \u017dmakovai ir jos komandai rinkti ir naudoti J\u016bs\u0173 Asmens duomenis taip, kaip apibr\u0117\u017eiama \u0161ioje Privatumo politikoje. Privatumo politika gali b\u016bti kei\u010diama, atnaujint\u0105 versij\u0105 visada rasite m\u016bs\u0173 svetain\u0117je.<\/span><\/p><p><span style=\"font-weight: 400\">Mes gerbiame J\u016bs\u0173 privatum\u0105 ir\u00a0 \u012fsipareigojame u\u017etikrinti j\u016bs\u0173 asmens duomen\u0173 tvarkymo skaidrum\u0105 ir s\u0105\u017einingum\u0105.\u00a0 Labai svarbu, kad atid\u017eiai perskaitytum\u0117te Privatumo politik\u0105 ir suprastum\u0117te, kaip ir kod\u0117l mes tvarkome J\u016bs\u0173 asmens duomenis ir kokias teises valdyti savo pateikiamus duomenis turite.<\/span><\/p><p><span style=\"font-weight: 400\">T\u0119sdami nar\u0161ym\u0105 vilmalight.lt interneto svetain\u0117je ir naudodamiesi m\u016bs\u0173 teikiamomis paslaugomis J\u016bs patvirtinate, kad susipa\u017einote su privatumo politika ir sutinkate su joje apra\u0161ytais asmens duomen\u0173 tvarkymo principais, taikomais Jums naudojantis m\u016bs\u0173 interneto svetaine. Taip pat patvirtinate, kad esate ne jaunesnis nei 16 met\u0173 arba, kitu atveju, naudojat\u0117s interneto svetaine su t\u0117v\u0173 ar glob\u0117j\u0173 sutikimu ar leidimu.<\/span><\/p><p>\u00a0<\/p><p><b>KAIP MES GAUNAME J\u016aS\u0172 ASMENS DUOMENIS?<\/b><\/p><p><span style=\"font-weight: 400\">Vilmai \u017dmakova ir jos komanda<\/span> <span style=\"font-weight: 400\">tvarko tuos J\u016bs\u0173 asmens duomenis, kuriuos mums patys pateikiate, kai naudojat\u0117s\u00a0m\u016bs\u0173 interneto svetain\u0117s paslaugomis, kai \u012fsigyjat m\u016bs\u0173 svetain\u0117je parduodamas prekes\/paslaugas ir atliekate registracij\u0105 naujienlai\u0161kiui, dovanai gauti ar u\u017eklausai suformuoti.<\/span><\/p><p><span style=\"font-weight: 400\">Tvarkom\u0173 asmens duomen\u0173 apimtis priklauso nuo J\u016bs\u0173 \u00a0naudojam\u0173 paslaug\u0173 ir to, koki\u0105 informacij\u0105 pateikiate. J\u016bs neprivalote pateikti joki\u0173 asmens duomen\u0173, ta\u010diau gali b\u016bti, kad tokiu atveju tam tikros paslaugos Jums negal\u0117s b\u016bti suteiktos.<\/span><\/p><p><span style=\"font-weight: 400\">J\u016bs\u0173 asmens duomen\u0173 i\u0161 tre\u010di\u0173j\u0173 \u0161ali\u0173 nerenkame, i\u0161skyrus atvej\u012f, kuomet informacij\u0105, patvirtinan\u010di\u0105 J\u016bs\u0173 atlikt\u0105 apmok\u0117jim\u0105, gausime i\u0161 mok\u0117jimus administruojan\u010dio paslaug\u0173 teik\u0117jo.<\/span><\/p><p>\u00a0<\/p><p><b>KOKIUS J\u016aS\u0172 DUOMENIS TVARKOME IR KOD\u0116L?<\/b><\/p><p><span style=\"font-weight: 400\">Duomenis tvarkome tik esant teis\u0117to tvarkymo kriterijui:<\/span><\/p><ul><li style=\"font-weight: 400\"><span style=\"font-weight: 400\">siekiant u\u017etikrinti paslaug\u0173 teikim\u0105 ir sutartini\u0173 \u012fsipareigojim\u0173 vykdym\u0105;<\/span><\/li><li style=\"font-weight: 400\"><span style=\"font-weight: 400\">asmens sutikimu;<\/span><\/li><li style=\"font-weight: 400\"><span style=\"font-weight: 400\">kai tvarkyti asmens duomenis mus \u012fpareigoja atitinkami teis\u0117s aktai;<\/span><\/li><li style=\"font-weight: 400\"><span style=\"font-weight: 400\">kai asmens duomenis reikia tvarkyti d\u0117l m\u016bs\u0173 ar tre\u010dio asmens teis\u0117to intereso.<\/span><\/li><\/ul><p><span style=\"font-weight: 400\">Asmenin\u0119 informacij\u0105 \u0161ioje svetain\u0117je pra\u0161oma nurodyti pateikiant u\u017eklaus\u0105, atliekant asmenin\u0117s paskyros registracij\u0105. Pirk\u0117jas, asmenin\u0117s paskyros naudotojas \u012fsipareigoja pateikti teising\u0105, tiksli\u0105 informacij\u0105. \u0160i internetin\u0117 svetain\u0117 \u012fsipareigoja neatskleisti pirk\u0117jo asmens duomen\u0173 tretiesiems asmenims, i\u0161skyrus tuos atvejus, kai informacija yra b\u016btina partneriui, teikian\u010diam preki\u0173 pristatymo ar kitas su pirk\u0117jo u\u017esakymo tinkamu \u012fvykdymu susijusias paslaugas. Visais kitais atvejais pirk\u0117jo asmens duomenys tretiesiems asmenims gali b\u016bti atskleid\u017eiami tik Lietuvos Respublikos teis\u0117s akt\u0173 numatytais atvejais ir tvarka.<\/span><\/p><p>\u00a0<\/p><p><b>S\u0104VOK\u0172 APIBR\u0116\u017dIMAI<\/b><\/p><p><span style=\"font-weight: 400\">\u201eBesikreipiantis asmuo\u201c \u2013 fizinis asmuo ar juridinis asmuo besidomintis Duomen\u0173 valdytojo teikiamomis paslaugomis ar norintis susisiekti su Duomen\u0173 valdytoju kitais klausimais.<\/span><\/p><p><span style=\"font-weight: 400\">\u201eKlientas\u201c \u2013 asmuo, besidomintis paslaugomis i\u0161 Duomen\u0173 valdytojo.<\/span><\/p><p><span style=\"font-weight: 400\">Duomen\u0173 valdytojas asmens duomenis rinks laikantis galiojan\u010di\u0173 Europos S\u0105jungos bei Lietuvos Respublikos teis\u0117s akt\u0173 reikalavim\u0173 bei kontroliuojan\u010di\u0173 institucij\u0173 nurodym\u0173. Taikomos visos protingos technin\u0117s ir administracin\u0117s priemon\u0117s tam, surinkti duomenys apie Duomen\u0173 subjektus b\u016bt\u0173 apsaugomi nuo praradimo, neleistino naudojimo ir pakeitim\u0173.<\/span><\/p><p>\u00a0<\/p><p><b>KAI NAR\u0160OTE M\u016aS\u0172 INTERNETO SVETAIN\u0116JE<\/b><\/p><p><span style=\"font-weight: 400\">Siekdami u\u017etikrinti patogesn\u012f nar\u0161ym\u0105 interneto svetain\u0117je, teikti patrauklesnius pasi\u016blymus bei daugiau su\u017einoti apie svetaini\u0173 naudotoj\u0173 elgsen\u0105, analizuoti tendencijas ir tobulinti tiek svetaines, tiek ir J\u016bs\u0173 aptarnavim\u0105, mes tvarkome apibendrintus ir nuasmenintus duomenis, tokius kaip IP adresas, aplankyti puslapiai, nar\u0161ymo trukm\u0117, nar\u0161ymui naudojami \u012frenginiai ir programos, geografin\u0117 vieta, am\u017eius, lytis, kalba, bendri interesai ir pan.<\/span><\/p><p><span style=\"font-weight: 400\">\u0160i\u0173 duomen\u0173 automatizuota analiz\u0117 bei panaudojimas pakartotin\u0117s rinkodaros tikslais atliekami naudojantis tre\u010di\u0173j\u0173 \u0161ali\u0173 (pvz., Google, Facebook) paslaugomis bei \u012frankiais (pvz., Google Analytics, Google Adwords, Google Tag Manager, Facebook Pixel).<\/span><\/p><p><span style=\"font-weight: 400\">J\u016bs\u0173 asmens duomenys surenkami slapuk\u0173 pagalba. Slapukai (angl. \u201ecookies\u201c) \u2013 tai nedidel\u0117s tekstin\u0117s informacijos dalel\u0117s, kurios automati\u0161kai sukuriamos nar\u0161ant svetain\u0117je ir yra saugomos J\u016bs\u0173 kompiuteryje ar kitame galiniame \u012frenginyje.<\/span><\/p><p><span style=\"font-weight: 400\">Jeigu nesutinkate, kad \u012f J\u016bs\u0173 kompiuter\u012f ar \u012f kit\u0105 galin\u012f \u012frengin\u012f b\u016bt\u0173 \u012fra\u0161omi slapukai, galite pakeisti savo interneto nar\u0161ykl\u0117s nustatymus ir i\u0161jungti visus slapukus arba \u012fjungti \/ i\u0161jungti juos po vien\u0105. Ta\u010diau atkreipiame d\u0117mes\u012f, kad kai kuriais atvejais tai gali sul\u0117tinti nar\u0161ymo internete spart\u0105, apriboti tam tikr\u0173 interneto svetaini\u0173 funkcij\u0173 veikim\u0105 arba blokuoti prieig\u0105 prie svetain\u0117s.<\/span><\/p><p>\u00a0<\/p><p><b>KAI SUTINKATE I\u0160 M\u016aS\u0172 GAUTI NAUJIENAS IR PASI\u016aLYMUS<\/b><\/p><p><span style=\"font-weight: 400\">Kai m\u016bs\u0173 interneto svetain\u0117se pateikiate savo elektroninio pa\u0161to adres\u0105, sutinkate, kad J\u016bs\u0173 duomenys b\u016bt\u0173 naudojami tiesiogin\u0117s rinkodaros tikslais (siun\u010diami naujienlai\u0161kiai).<\/span><\/p><p><span style=\"font-weight: 400\">J\u016bs\u0173 sutikimas gauti naujienas galioja 5 metus. Su\u0117jus \u0161iam terminui J\u016bs\u0173 duomenys bus sunaikinti arba patikimai ir neatstatomai nuasmeninti, jeigu jie nebus naudojami kitiems teis\u0117tiems tikslams.<\/span><\/p><p><span style=\"font-weight: 400\">Savo sutikim\u0105 d\u0117l J\u016bs\u0173 duomen\u0173 naudojimo tiesiogin\u0117s rinkodaros tikslu galite bet kuriuo metu at\u0161aukti, paspausdami prenumeratos atsisakymo nuorod\u0105 i\u0161 m\u016bs\u0173 gauto naujienlai\u0161kio apa\u010dioje, arba pateikdami pra\u0161ym\u0105 adresu\u00a0<\/span><a href=\"mailto:labas@vilmalight.lt\"><span style=\"font-weight: 400\">labas@vilmalight.lt<\/span><\/a><span style=\"font-weight: 400\">\u00a0<\/span><\/p><p>\u00a0<\/p><p><b>KAI U\u017dSISAKOTE S\u0104SKAIT\u0104 FAKT\u016aR\u0104<\/b><\/p><p><span style=\"font-weight: 400\">Nor\u0117dami gauti s\u0105skait\u0105 fakt\u016br\u0105 u\u017e paslaugas turite pateikti \u0161iuos duomenis: vard\u0105, pavard\u0119, adres\u0105, elektroninio pa\u0161to adres\u0105, \u012fmon\u0117s rekvizitus.<\/span><span style=\"font-weight: 400\"><br \/><\/span><span style=\"font-weight: 400\">\u0160ie duomenys yra naudojami tik s\u0105skaitos-fakt\u016bros i\u0161ra\u0161ymo tikslu, tod\u0117l bus saugomi tik m\u016bs\u0173 apskaitos programoje ir tvarkomi tiek laiko, kiek mus \u012fpareigoja t\u0105 daryti atitinkami teis\u0117s aktai.<\/span><\/p><p>\u00a0<\/p><p><b>KAI NORITE SU MUMIS SUSISIEKTI<\/b><\/p><p><span style=\"font-weight: 400\"><br \/><\/span><span style=\"font-weight: 400\">Nor\u0117dami mums pateikti atsiliepim\u0105, pra\u0161ym\u0105 ar u\u017eklaus\u0105, t\u0105 galite padaryti elektroniniu pa\u0161tu ar naudodamiesi socialini\u0173 tinkl\u0173 kontaktais. Siekdami atsakyti \u012f J\u016bs\u0173 kreipim\u0105si mes naudojame J\u016bs\u0173 pateikt\u0105 kontaktin\u0119 informacij\u0105:\u00a0vard\u0105, pavard\u0119, telefono numer\u012f, elektroninio pa\u0161to adres\u0105, gyvenamosios vietos adres\u0105\u00a0ir pan. \u0160iuos duomenis naudojame tiek, kiek to reikia bendravimui su Jumis, ta\u010diau ne ilgiau nei\u00a02 metus.<\/span><\/p><p>\u00a0<\/p><p><b>KOKIAS TEISES JUMS SUTEIKIA DUOMEN\u0172 APSAUGOS TEIS\u0116S AKTAI?<\/b><\/p><p><span style=\"font-weight: 400\">Turite \u0161ias teises:<\/span><\/p><ol><li style=\"font-weight: 400\"><span style=\"font-weight: 400\">teis\u0119 \u017einoti (b\u016bti informuotam) apie savo asmens duomen\u0173 tvarkym\u0105;<\/span><\/li><li style=\"font-weight: 400\"><span style=\"font-weight: 400\">teis\u0119 susipa\u017einti su savo tvarkomais asmens duomenimis ir kaip jie yra tvarkomi, t. y. gauti informacij\u0105 apie asmens duomen\u0173 saugojimo laikotarp\u012f, taikomas technines ir organizacines priemones duomen\u0173 saugumui u\u017etikrinti, gauti informacij\u0105 i\u0161 koki\u0173 \u0161altini\u0173 ir kokie asmens duomenys surinkti, kokiu tikslu jie tvarkomi, kam teikiami;<\/span><\/li><li style=\"font-weight: 400\"><span style=\"font-weight: 400\">teis\u0119 reikalauti i\u0161taisyti, sunaikinti savo asmens duomenis arba sustabdyti, i\u0161skyrus saugojim\u0105, savo asmens duomen\u0173 tvarkymo veiksmus, kai duomenys tvarkomi, nesilaikant teis\u0117s akt\u0173 nuostat\u0173;<\/span><\/li><li style=\"font-weight: 400\"><span style=\"font-weight: 400\">teis\u0119 nesutikti, kad b\u016bt\u0173 tvarkomi J\u016bs\u0173 asmens duomenys, i\u0161skyrus atvejus, kai \u0161ie asmens duomenys yra tvarkomi d\u0117l teis\u0117to intereso, kurio siekiame mes arba tre\u010diasis asmuo, kuriam teikiami asmens duomenys, ir jei J\u016bs\u0173 interesai n\u0117ra svarbesni;<\/span><\/li><li style=\"font-weight: 400\"><span style=\"font-weight: 400\">teis\u0119 reikalauti, kad pateikti asmens duomenys b\u016bt\u0173 sunaikinti;<\/span><\/li><li style=\"font-weight: 400\"><span style=\"font-weight: 400\">teis\u0119 reikalauti, kad b\u016bt\u0173 apriboti asmens duomen\u0173 tvarkymo veiksmai;<\/span><\/li><li style=\"font-weight: 400\"><span style=\"font-weight: 400\">teis\u0119 reikalauti, kad tvarkomus asmens duomenis, jeigu jie tvarkomi automatizuotomis priemon\u0117mis, persi\u0173stume kitai \u0161aliai, jeigu tai yra techni\u0161kai \u012fmanoma;<\/span><\/li><li style=\"font-weight: 400\"><span style=\"font-weight: 400\">teis\u0119 pateikti skund\u0105 d\u0117l asmens duomen\u0173 tvarkymo Valstybinei duomen\u0173 apsaugos inspekcijai.<\/span><\/li><\/ol><p><span style=\"font-weight: 400\">Nor\u0117dami pasinaudoti \u0161iomis teis\u0117mis turite asmeni\u0161kai, elektroniniu pa\u0161tu pateikti mums ra\u0161ytin\u012f pra\u0161ym\u0105 d\u0117l J\u016bs\u0173 teisi\u0173 \u012fgyvendinimo ir patvirtinti savo tapatyb\u0119, pateikdami asmens dokument\u0105 arba kitaip, teis\u0117s akt\u0173 nustatyta tvarka ar elektronini\u0173 ry\u0161i\u0173 priemon\u0117mis, kurios leid\u017eia tinkamai identifikuoti asmen\u012f, patvirtinti savo asmens tapatyb\u0119. \u012e J\u016bs\u0173 pra\u0161ym\u0105 atsakysime per 30 kalendorini\u0173 dien\u0173.<\/span><\/p><p>\u00a0<\/p><p><b>KAM ATSKLEID\u017dIAME J\u016aS\u0172 INFORMACIJ\u0104?<\/b><\/p><p><span style=\"font-weight: 400\">Mes neteikiam J\u016bs\u0173 duomen\u0173 tretiesiems asmenims be i\u0161ankstinio J\u016bs\u0173 sutikimo, i\u0161skyrus teis\u0117s akt\u0173 nustatyta tvarka arba teis\u0117saugos institucijoms, siekiant i\u0161tirti teis\u0117s akt\u0173 pa\u017eeidimus.<\/span><\/p><p><span style=\"font-weight: 400\">J\u016bs\u0173 duomenis mes galime perduoti duomen\u0173 tvarkytojams, kurie teikia paslaugas (atlieka darbus) ir tvarko duomenis m\u016bs\u0173 vardu. Duomen\u0173 tvarkytojai teikia svetaini\u0173 prieglobos, duomen\u0173 centro ir\/arba serveri\u0173 nuomos paslaugas, rinkodaros ir ry\u0161i\u0173 su klientais valdymo sistemos, duomen\u0173 analiz\u0117s bei kitas paslaugas. Kai kurie duomen\u0173 tvarkytojai gali b\u016bti \u012fsisteig\u0119 ne Europos S\u0105jungoje.<\/span><\/p><p><span style=\"font-weight: 400\">Duomen\u0173 tvarkytojai turi teis\u0119 tvarkyti J\u016bs\u0173 duomenis tik pagal m\u016bs\u0173 nurodymus ir tik ta apimtimi, kiek tai yra b\u016btina siekiant tinkamai vykdyti sutartyje nustatytus \u012fsipareigojimus. Mes siekiame u\u017etikrinti, kad ir duomen\u0173 tvarkytojai b\u016bt\u0173 \u012fgyvendin\u0119 tinkamas organizacines ir technines saugum\u0105 u\u017etikrinan\u010dias priemones bei i\u0161laikyt\u0173 asmens duomen\u0173 paslapt\u012f.<\/span><\/p><p>\u00a0<\/p><p><b>AR J\u016aS\u0172 DUOMENYS SAUG\u016aS?<\/b><\/p><p><span style=\"font-weight: 400\">Mes \u012fgyvendiname ir nuolat atnaujiname atitinkamas organizacines ir technines saugum\u0105 u\u017etikrinan\u010dias priemones, kurios padeda apsaugoti asmens duomenis nuo atsitiktinio ar neteis\u0117to sunaikinimo, pakeitimo, atskleidimo, taip pat nuo bet kokio kito neteis\u0117to tvarkymo.<\/span><\/p><p>\u00a0<\/p><p><b>NUORODOS \u012e KITAS INTERNETO SVETAINES<\/b><\/p><p><span style=\"font-weight: 400\">J\u016bs\u0173 patogumui ir informacijai m\u016bs\u0173 interneto svetain\u0117je gali b\u016bti nuorod\u0173 \u012f kitas svetaines ar socialines paskyras. Mes neprisiimame atsakomyb\u0117s u\u017e toki\u0173 svetaini\u0173 privatumo politikos nuostatas, pateiktos informacijos turin\u012f bei veikl\u0105. Rekomenduojama susipa\u017einti su kiekvienos svetain\u0117s privatumo politikos nuostatomis atskirai.<\/span><\/p><p>\u00a0<\/p><p><b>BAIGIAMOSIOS NUOSTATOS<\/b><\/p><p><span style=\"font-weight: 400\">Privatumo politikos papildymai ar pakeitimai \u012fsigalioja nuo j\u0173 paskelbimo Interneto svetain\u0117je dienos.<\/span><\/p><p><span style=\"font-weight: 400\">Kai po Privatumo Politikos papildymo ar pakeitimo Duomen\u0173 subjektas naudojasi Interneto svetaine ir\/ar Duomen\u0173 valdytojo teikiamomis paslaugomis, laikoma, kad Duomen\u0173 subjektas neprie\u0161tarauja d\u0117l toki\u0173 papildym\u0173 ir\/ar pakeitim\u0173.<\/span><\/p><p>\u00a0<\/p><p><b>SUSISIEKITE SU MUMIS<\/b><\/p><p><span style=\"font-weight: 400\">Jei d\u0117l \u0161ioje Privatumo politikoje pateiktos informacijos jums i\u0161kilt\u0173 klausim\u0173, maloniai pra\u0161ome kreiptis\u00a0<\/span><a href=\"mailto:labas@vilmalight.lt\"><span style=\"font-weight: 400\">labas@vilmalight.lt<\/span><\/a> <\/p><\/div><\/div>\n\t\t<div class=\"qodef-m-button qodef-qi-clear\">\n\t\t<a class=\"qodef-shortcode qodef-m qodef-qi-button qodef-html--link qodef-layout--textual qodef-type--standard qodef-icon--right qodef-hover--icon-move-horizontal-short\" href=\"https:\/\/vilmalight.lt\/en\/kalte-ir-agresija\/\" target=\"_self\">\t<span class=\"qodef-m-text\"><\/span>\t<\/a>\t<\/div>\n<\/div>\n\t\t\t\t<\/div>\n\t\t\t\t<\/div>\n\t\t\t\t\t<\/div>\n\t\t<\/div>\n\t\t\t\t\t<\/div>\n\t\t<\/section>\n\t\t\t\t<\/div>","protected":false},"excerpt":{"rendered":"<p>Privatumo politika J\u016bs lankydamiesi vilmalight.lt interneto svetain\u0117je ir naudodamiesi joje esan\u010diomis prek\u0117mis\/paslaugomis suteikiate savo sutikim\u0105 Vilmai \u017dmakovai ir jos komandai rinkti ir naudoti J\u016bs\u0173 Asmens duomenis taip, kaip apibr\u0117\u017eiama \u0161ioje Privatumo politikoje. Privatumo politika gali b\u016bti kei\u010diama, atnaujint\u0105 versij\u0105 visada rasite m\u016bs\u0173 svetain\u0117je. Mes gerbiame J\u016bs\u0173 privatum\u0105 ir\u00a0 \u012fsipareigojame u\u017etikrinti j\u016bs\u0173 asmens duomen\u0173 tvarkymo skaidrum\u0105 [&hellip;]<\/p>","protected":false},"author":2,"featured_media":0,"parent":0,"menu_order":0,"comment_status":"closed","ping_status":"closed","template":"qi-full-width.php","meta":{"inline_featured_image":false,"footnotes":""},"class_list":["post-2552","page","type-page","status-publish","hentry"],"yoast_head":"<!-- This site is optimized with the Yoast SEO plugin v26.8 - https:\/\/yoast.com\/product\/yoast-seo-wordpress\/ -->\n<title>Privatumo politika - Vilmalight<\/title>\n<meta name=\"description\" content=\"Vilma LIGHT: poky\u010diai per darb\u0105 su pas\u0105mone. Ugdomas s\u0105moningumas, kad atrasti pusiausvyr\u0105, harmonij\u0105. J\u016bs\u0173 potencialas slypi j\u016bs\u0173 pas\u0105mon\u0117s \u012fra\u0161uose.\" \/>\n<meta name=\"robots\" content=\"index, follow, max-snippet:-1, max-image-preview:large, max-video-preview:-1\" \/>\n<link rel=\"canonical\" href=\"https:\/\/vilmalight.lt\/en\/privatumo-politika\/\" \/>\n<meta property=\"og:locale\" content=\"en_US\" \/>\n<meta property=\"og:type\" content=\"article\" \/>\n<meta property=\"og:title\" content=\"Privatumo politika - Vilmalight\" \/>\n<meta property=\"og:description\" content=\"Vilma LIGHT: poky\u010diai per darb\u0105 su pas\u0105mone. Ugdomas s\u0105moningumas, kad atrasti pusiausvyr\u0105, harmonij\u0105. J\u016bs\u0173 potencialas slypi j\u016bs\u0173 pas\u0105mon\u0117s \u012fra\u0161uose.\" \/>\n<meta property=\"og:url\" content=\"https:\/\/vilmalight.lt\/en\/privatumo-politika\/\" \/>\n<meta property=\"og:site_name\" content=\"Vilmalight\" \/>\n<meta property=\"article:modified_time\" content=\"2025-01-17T14:41:49+00:00\" \/>\n<meta name=\"twitter:card\" content=\"summary_large_image\" \/>\n<meta name=\"twitter:label1\" content=\"Est. reading time\" \/>\n\t<meta name=\"twitter:data1\" content=\"7 minutes\" \/>\n<script type=\"application\/ld+json\" class=\"yoast-schema-graph\">{\"@context\":\"https:\/\/schema.org\",\"@graph\":[{\"@type\":\"WebPage\",\"@id\":\"https:\/\/vilmalight.lt\/lt\/privatumo-politika\/\",\"url\":\"https:\/\/vilmalight.lt\/lt\/privatumo-politika\/\",\"name\":\"Privatumo politika - Vilmalight\",\"isPartOf\":{\"@id\":\"https:\/\/vilmalight.lt\/#website\"},\"datePublished\":\"2025-01-17T14:40:04+00:00\",\"dateModified\":\"2025-01-17T14:41:49+00:00\",\"description\":\"Vilma LIGHT: poky\u010diai per darb\u0105 su pas\u0105mone. Ugdomas s\u0105moningumas, kad atrasti pusiausvyr\u0105, harmonij\u0105. J\u016bs\u0173 potencialas slypi j\u016bs\u0173 pas\u0105mon\u0117s \u012fra\u0161uose.\",\"breadcrumb\":{\"@id\":\"https:\/\/vilmalight.lt\/lt\/privatumo-politika\/#breadcrumb\"},\"inLanguage\":\"en-US\",\"potentialAction\":[{\"@type\":\"ReadAction\",\"target\":[\"https:\/\/vilmalight.lt\/lt\/privatumo-politika\/\"]}]},{\"@type\":\"BreadcrumbList\",\"@id\":\"https:\/\/vilmalight.lt\/lt\/privatumo-politika\/#breadcrumb\",\"itemListElement\":[{\"@type\":\"ListItem\",\"position\":1,\"name\":\"Home\",\"item\":\"https:\/\/vilmalight.lt\/\"},{\"@type\":\"ListItem\",\"position\":2,\"name\":\"Privatumo politika\"}]},{\"@type\":\"WebSite\",\"@id\":\"https:\/\/vilmalight.lt\/#website\",\"url\":\"https:\/\/vilmalight.lt\/\",\"name\":\"Vilma LIGHT\",\"description\":\"\",\"potentialAction\":[{\"@type\":\"SearchAction\",\"target\":{\"@type\":\"EntryPoint\",\"urlTemplate\":\"https:\/\/vilmalight.lt\/?s={search_term_string}\"},\"query-input\":{\"@type\":\"PropertyValueSpecification\",\"valueRequired\":true,\"valueName\":\"search_term_string\"}}],\"inLanguage\":\"en-US\"}]}<\/script>\n<!-- \/ Yoast SEO plugin. -->","yoast_head_json":{"title":"Privatumo politika - Vilmalight","description":"Vilma LIGHT: poky\u010diai per darb\u0105 su pas\u0105mone. Ugdomas s\u0105moningumas, kad atrasti pusiausvyr\u0105, harmonij\u0105. J\u016bs\u0173 potencialas slypi j\u016bs\u0173 pas\u0105mon\u0117s \u012fra\u0161uose.","robots":{"index":"index","follow":"follow","max-snippet":"max-snippet:-1","max-image-preview":"max-image-preview:large","max-video-preview":"max-video-preview:-1"},"canonical":"https:\/\/vilmalight.lt\/en\/privatumo-politika\/","og_locale":"en_US","og_type":"article","og_title":"Privatumo politika - Vilmalight","og_description":"Vilma LIGHT: poky\u010diai per darb\u0105 su pas\u0105mone. Ugdomas s\u0105moningumas, kad atrasti pusiausvyr\u0105, harmonij\u0105. J\u016bs\u0173 potencialas slypi j\u016bs\u0173 pas\u0105mon\u0117s \u012fra\u0161uose.","og_url":"https:\/\/vilmalight.lt\/en\/privatumo-politika\/","og_site_name":"Vilmalight","article_modified_time":"2025-01-17T14:41:49+00:00","twitter_card":"summary_large_image","twitter_misc":{"Est. reading time":"7 minutes"},"schema":{"@context":"https:\/\/schema.org","@graph":[{"@type":"WebPage","@id":"https:\/\/vilmalight.lt\/lt\/privatumo-politika\/","url":"https:\/\/vilmalight.lt\/lt\/privatumo-politika\/","name":"Privatumo politika - Vilmalight","isPartOf":{"@id":"https:\/\/vilmalight.lt\/#website"},"datePublished":"2025-01-17T14:40:04+00:00","dateModified":"2025-01-17T14:41:49+00:00","description":"Vilma LIGHT: poky\u010diai per darb\u0105 su pas\u0105mone. Ugdomas s\u0105moningumas, kad atrasti pusiausvyr\u0105, harmonij\u0105. J\u016bs\u0173 potencialas slypi j\u016bs\u0173 pas\u0105mon\u0117s \u012fra\u0161uose.","breadcrumb":{"@id":"https:\/\/vilmalight.lt\/lt\/privatumo-politika\/#breadcrumb"},"inLanguage":"en-US","potentialAction":[{"@type":"ReadAction","target":["https:\/\/vilmalight.lt\/lt\/privatumo-politika\/"]}]},{"@type":"BreadcrumbList","@id":"https:\/\/vilmalight.lt\/lt\/privatumo-politika\/#breadcrumb","itemListElement":[{"@type":"ListItem","position":1,"name":"Home","item":"https:\/\/vilmalight.lt\/"},{"@type":"ListItem","position":2,"name":"Privatumo politika"}]},{"@type":"WebSite","@id":"https:\/\/vilmalight.lt\/#website","url":"https:\/\/vilmalight.lt\/","name":"Vilma LIGHT","description":"","potentialAction":[{"@type":"SearchAction","target":{"@type":"EntryPoint","urlTemplate":"https:\/\/vilmalight.lt\/?s={search_term_string}"},"query-input":{"@type":"PropertyValueSpecification","valueRequired":true,"valueName":"search_term_string"}}],"inLanguage":"en-US"}]}},"_links":{"self":[{"href":"https:\/\/vilmalight.lt\/en\/wp-json\/wp\/v2\/pages\/2552","targetHints":{"allow":["GET"]}}],"collection":[{"href":"https:\/\/vilmalight.lt\/en\/wp-json\/wp\/v2\/pages"}],"about":[{"href":"https:\/\/vilmalight.lt\/en\/wp-json\/wp\/v2\/types\/page"}],"author":[{"embeddable":true,"href":"https:\/\/vilmalight.lt\/en\/wp-json\/wp\/v2\/users\/2"}],"replies":[{"embeddable":true,"href":"https:\/\/vilmalight.lt\/en\/wp-json\/wp\/v2\/comments?post=2552"}],"version-history":[{"count":7,"href":"https:\/\/vilmalight.lt\/en\/wp-json\/wp\/v2\/pages\/2552\/revisions"}],"predecessor-version":[{"id":2562,"href":"https:\/\/vilmalight.lt\/en\/wp-json\/wp\/v2\/pages\/2552\/revisions\/2562"}],"wp:attachment":[{"href":"https:\/\/vilmalight.lt\/en\/wp-json\/wp\/v2\/media?parent=2552"}],"curies":[{"name":"wp","href":"https:\/\/api.w.org\/{rel}","templated":true}]}}