{"id":520,"date":"2020-11-23T12:55:28","date_gmt":"2020-11-23T12:55:28","guid":{"rendered":"https:\/\/qi76.qodeinteractive.com\/?page_id=520"},"modified":"2026-02-04T15:14:17","modified_gmt":"2026-02-04T15:14:17","slug":"dovanos","status":"publish","type":"page","link":"https:\/\/vilmalight.lt\/en\/dovanos\/","title":{"rendered":"GIFTS"},"content":{"rendered":"<div data-elementor-type=\"wp-page\" data-elementor-id=\"520\" class=\"elementor elementor-520\" data-elementor-post-type=\"page\">\n\t\t\t\t\t\t<section class=\"elementor-section elementor-top-section elementor-element elementor-element-cf5a3c5 elementor-section-full_width qodef-elementor-content-grid elementor-hidden-tablet elementor-hidden-mobile dovanos-lt elementor-section-height-default elementor-section-height-default\" data-id=\"cf5a3c5\" data-element_type=\"section\" data-settings=\"{&quot;background_background&quot;:&quot;classic&quot;}\">\n\t\t\t\t\t\t<div class=\"elementor-container elementor-column-gap-no\">\n\t\t\t\t\t<div class=\"elementor-column elementor-col-100 elementor-top-column elementor-element elementor-element-8c27a93 dovanos-lt\" data-id=\"8c27a93\" data-element_type=\"column\" data-settings=\"{&quot;background_background&quot;:&quot;slideshow&quot;,&quot;background_slideshow_gallery&quot;:[{&quot;id&quot;:1777,&quot;url&quot;:&quot;https:\\\/\\\/vilmalight.lt\\\/wp-content\\\/uploads\\\/2024\\\/12\\\/Dovanos-header.png&quot;}],&quot;background_slideshow_slide_duration&quot;:2200,&quot;background_slideshow_transition_duration&quot;:800,&quot;background_slideshow_loop&quot;:&quot;yes&quot;,&quot;background_slideshow_slide_transition&quot;:&quot;fade&quot;}\">\n\t\t\t<div class=\"elementor-widget-wrap elementor-element-populated\">\n\t\t\t\t\t\t\t<\/div>\n\t\t<\/div>\n\t\t\t\t\t<\/div>\n\t\t<\/section>\n\t\t\t\t<section class=\"elementor-section elementor-top-section elementor-element elementor-element-97dadcb elementor-section-full_width qodef-elementor-content-grid elementor-hidden-tablet elementor-hidden-mobile dovanos-en elementor-section-height-default elementor-section-height-default\" data-id=\"97dadcb\" data-element_type=\"section\" data-settings=\"{&quot;background_background&quot;:&quot;classic&quot;}\">\n\t\t\t\t\t\t<div class=\"elementor-container elementor-column-gap-no\">\n\t\t\t\t\t<div class=\"elementor-column elementor-col-100 elementor-top-column elementor-element elementor-element-c90d566 dovanos-en\" data-id=\"c90d566\" data-element_type=\"column\" data-settings=\"{&quot;background_background&quot;:&quot;slideshow&quot;,&quot;background_slideshow_gallery&quot;:[{&quot;id&quot;:2179,&quot;url&quot;:&quot;https:\\\/\\\/vilmalight.lt\\\/wp-content\\\/uploads\\\/2025\\\/01\\\/Headeriai.png&quot;}],&quot;background_slideshow_slide_duration&quot;:2200,&quot;background_slideshow_transition_duration&quot;:800,&quot;background_slideshow_loop&quot;:&quot;yes&quot;,&quot;background_slideshow_slide_transition&quot;:&quot;fade&quot;}\">\n\t\t\t<div class=\"elementor-widget-wrap elementor-element-populated\">\n\t\t\t\t\t\t\t<\/div>\n\t\t<\/div>\n\t\t\t\t\t<\/div>\n\t\t<\/section>\n\t\t\t\t<section class=\"elementor-section elementor-top-section elementor-element elementor-element-03a6894 elementor-section-full_width qodef-elementor-content-grid elementor-hidden-desktop elementor-section-height-default elementor-section-height-default\" data-id=\"03a6894\" data-element_type=\"section\" data-settings=\"{&quot;background_background&quot;:&quot;classic&quot;}\">\n\t\t\t\t\t\t<div class=\"elementor-container elementor-column-gap-no\">\n\t\t\t\t\t<div class=\"elementor-column elementor-col-100 elementor-top-column elementor-element elementor-element-9b1a337\" data-id=\"9b1a337\" data-element_type=\"column\" data-settings=\"{&quot;background_background&quot;:&quot;slideshow&quot;,&quot;background_slideshow_gallery&quot;:[{&quot;id&quot;:2043,&quot;url&quot;:&quot;https:\\\/\\\/vilmalight.lt\\\/wp-content\\\/uploads\\\/2025\\\/01\\\/kirpta-zalsva-scaled-1.png&quot;}],&quot;background_slideshow_slide_duration&quot;:2200,&quot;background_slideshow_transition_duration&quot;:800,&quot;background_slideshow_slide_transition&quot;:&quot;fade&quot;}\">\n\t\t\t<div class=\"elementor-widget-wrap elementor-element-populated\">\n\t\t\t\t\t\t\t<\/div>\n\t\t<\/div>\n\t\t\t\t\t<\/div>\n\t\t<\/section>\n\t\t\t\t<section class=\"elementor-section elementor-top-section elementor-element elementor-element-13431da elementor-section-full_width qodef-elementor-content-grid elementor-section-height-default elementor-section-height-default\" data-id=\"13431da\" data-element_type=\"section\">\n\t\t\t\t\t\t<div class=\"elementor-container elementor-column-gap-no\">\n\t\t\t\t\t<div class=\"elementor-column elementor-col-100 elementor-top-column elementor-element elementor-element-34dba46\" data-id=\"34dba46\" data-element_type=\"column\">\n\t\t\t<div class=\"elementor-widget-wrap elementor-element-populated\">\n\t\t\t\t\t\t<div class=\"elementor-element elementor-element-932d216 elementor-widget__width-inherit elementor-widget elementor-widget-qi_addons_for_elementor_section_title\" data-id=\"932d216\" data-element_type=\"widget\" data-widget_type=\"qi_addons_for_elementor_section_title.default\">\n\t\t\t\t<div class=\"elementor-widget-container\">\n\t\t\t\t\t<div class=\"qodef-shortcode qodef-m qodef-qi-section-title qodef-decoration--italic qodef-link--underline-draw qodef-subtitle-icon--left\">\n\t\t\t\t\t\t<h2 class=\"qodef-m-title\">\n\t\tReplenishing the necessary energy\t<\/h2>\n\t\t\t<div class=\"qodef-m-text\"><div class=\"qodef-e-text\"><p><b>Filling up with the energy of joy<\/b><span style=\"font-weight: 400\"> helps you stay in a good mood and awakens your desire to act. This is a 20-minute audio meditation. After listening to it, you will notice an uplifted, joyful mood, more inner energy, and a desire to take action. As your inner state changes, so does your outer reality. <\/span><span style=\"font-weight: 400\">We ourselves are the creators of our inner states. Our inner state is a resource that is reflected in all areas of life. A person remains dependent on external circumstances until they take responsibility for consciously creating themselves. <\/span>If you feel a \"hunger\" for joyful energy, I would recommend to listen to this meditation for 30-40 days in a row. Give it a try.<\/p><p>\u00a0<\/p><p><b>Filling up with the energy of healthy selfishness<\/b><span style=\"font-weight: 400\"> helps to raise self-esteem and strengthen self-confidence. This is a 25-minute audio meditation. After listening to it, you may notice that you feel more confident in yourself and your inner strength, and that you have more self-respect. You will feel the desire to act, express yourself, and be seen. You will criticize yourself, those around you, and life itself less. Your inner state will become more uplifted, and you will have more energy and motivation to take action. As your inner state changes, your outer reality will naturally change as well.<\/span><\/p><p><span style=\"font-weight: 400\">When you have healthy self-esteem, you feel the desire to share. That is why it is very important to first fill yourself up \u2013 and only then share with others. <\/span><span style=\"font-weight: 400\">This meditation is especially useful if you often put yourself last, if you lack self-love or self-esteem, if you feel crushed, have lost the desire to act, and no longer believe in yourself or others. I would recommend to listen to this meditation for 30\u201340 days in a row. Give it a try.<\/span><\/p><\/div><\/div>\n\t\t<div class=\"qodef-m-button qodef-qi-clear\">\n\t\t<a class=\"qodef-shortcode qodef-m qodef-qi-button qodef-html--link qodef-layout--textual qodef-type--standard qodef-icon--right qodef-hover--icon-move-horizontal-short\" href=\"https:\/\/vilmalight.lt\/en\/kalte-ir-agresija\/\" target=\"_self\">\t<span class=\"qodef-m-text\"><\/span>\t<\/a>\t<\/div>\n<\/div>\n\t\t\t\t<\/div>\n\t\t\t\t<\/div>\n\t\t\t\t<div class=\"elementor-element elementor-element-338fc65 elementor-widget__width-inherit elementor-widget elementor-widget-qi_addons_for_elementor_section_title\" data-id=\"338fc65\" data-element_type=\"widget\" data-widget_type=\"qi_addons_for_elementor_section_title.default\">\n\t\t\t\t<div class=\"elementor-widget-container\">\n\t\t\t\t\t<div class=\"qodef-shortcode qodef-m qodef-qi-section-title qodef-decoration--italic qodef-link--underline-draw qodef-subtitle-icon--left\">\n\t\t\t\t\t\t\t\t<div class=\"qodef-m-text\"><b>The audio recordings are made in Lithuanian only\u00a0<\/b><br>\n\n<span style=\"font-weight: 400\">If you would like to listen in English or another language (I speak LT, EN, RU, IT), please contact me, and I will do my best to prepare it.<\/span><\/div>\n\t\t<div class=\"qodef-m-button qodef-qi-clear\">\n\t\t<a class=\"qodef-shortcode qodef-m qodef-qi-button qodef-html--link qodef-layout--textual qodef-type--standard qodef-icon--right qodef-hover--icon-move-horizontal-short\" href=\"https:\/\/vilmalight.lt\/en\/kalte-ir-agresija\/\" target=\"_self\">\t<span class=\"qodef-m-text\"><\/span>\t<\/a>\t<\/div>\n<\/div>\n\t\t\t\t<\/div>\n\t\t\t\t<\/div>\n\t\t\t\t\t<\/div>\n\t\t<\/div>\n\t\t\t\t\t<\/div>\n\t\t<\/section>\n\t\t\t\t<section class=\"elementor-section elementor-top-section elementor-element elementor-element-c579d99 elementor-section-full_width qodef-elementor-content-grid elementor-section-height-default elementor-section-height-default\" data-id=\"c579d99\" data-element_type=\"section\">\n\t\t\t\t\t\t<div class=\"elementor-container elementor-column-gap-no\">\n\t\t\t\t\t<div class=\"elementor-column elementor-col-50 elementor-top-column elementor-element elementor-element-68202d8\" data-id=\"68202d8\" data-element_type=\"column\">\n\t\t\t<div class=\"elementor-widget-wrap elementor-element-populated\">\n\t\t\t\t\t\t<div class=\"elementor-element elementor-element-78de727 elementor-widget elementor-widget-image\" data-id=\"78de727\" data-element_type=\"widget\" data-widget_type=\"image.default\">\n\t\t\t\t<div class=\"elementor-widget-container\">\n\t\t\t\t\t\t\t\t\t\t\t\t\t\t\t\t<a href=\"https:\/\/youtu.be\/dbPv8DCvlDg?si=kBX4YHjp0YBeL8zF\" target=\"_blank\">\n\t\t\t\t\t\t\t<img fetchpriority=\"high\" decoding=\"async\" width=\"1024\" height=\"581\" src=\"https:\/\/vilmalight.lt\/wp-content\/uploads\/2025\/01\/1335x758-DOVANOS-zalia-1024x581.png\" class=\"attachment-large size-large wp-image-2036\" alt=\"\" srcset=\"https:\/\/vilmalight.lt\/wp-content\/uploads\/2025\/01\/1335x758-DOVANOS-zalia-1024x581.png 1024w, https:\/\/vilmalight.lt\/wp-content\/uploads\/2025\/01\/1335x758-DOVANOS-zalia-300x170.png 300w, https:\/\/vilmalight.lt\/wp-content\/uploads\/2025\/01\/1335x758-DOVANOS-zalia-768x436.png 768w, https:\/\/vilmalight.lt\/wp-content\/uploads\/2025\/01\/1335x758-DOVANOS-zalia.png 1335w\" sizes=\"(max-width: 1024px) 100vw, 1024px\" \/>\t\t\t\t\t\t\t\t<\/a>\n\t\t\t\t\t\t\t\t\t\t\t\t\t\t\t<\/div>\n\t\t\t\t<\/div>\n\t\t\t\t\t<\/div>\n\t\t<\/div>\n\t\t\t\t<div class=\"elementor-column elementor-col-50 elementor-top-column elementor-element elementor-element-87712e3\" data-id=\"87712e3\" data-element_type=\"column\">\n\t\t\t<div class=\"elementor-widget-wrap elementor-element-populated\">\n\t\t\t\t\t\t<div class=\"elementor-element elementor-element-b8c32a0 elementor-widget elementor-widget-image\" data-id=\"b8c32a0\" data-element_type=\"widget\" data-widget_type=\"image.default\">\n\t\t\t\t<div class=\"elementor-widget-container\">\n\t\t\t\t\t\t\t\t\t\t\t\t\t\t\t\t<a href=\"https:\/\/youtu.be\/gNiAkgTmWio?si=fs3_9Pbj2tz77v2V\" target=\"_blank\">\n\t\t\t\t\t\t\t<img decoding=\"async\" width=\"1024\" height=\"581\" src=\"https:\/\/vilmalight.lt\/wp-content\/uploads\/2025\/01\/1335x758-DOVANOS-oranzine-1024x581.png\" class=\"attachment-large size-large wp-image-2037\" alt=\"\" srcset=\"https:\/\/vilmalight.lt\/wp-content\/uploads\/2025\/01\/1335x758-DOVANOS-oranzine-1024x581.png 1024w, https:\/\/vilmalight.lt\/wp-content\/uploads\/2025\/01\/1335x758-DOVANOS-oranzine-300x170.png 300w, https:\/\/vilmalight.lt\/wp-content\/uploads\/2025\/01\/1335x758-DOVANOS-oranzine-768x436.png 768w, https:\/\/vilmalight.lt\/wp-content\/uploads\/2025\/01\/1335x758-DOVANOS-oranzine.png 1335w\" sizes=\"(max-width: 1024px) 100vw, 1024px\" \/>\t\t\t\t\t\t\t\t<\/a>\n\t\t\t\t\t\t\t\t\t\t\t\t\t\t\t<\/div>\n\t\t\t\t<\/div>\n\t\t\t\t\t<\/div>\n\t\t<\/div>\n\t\t\t\t\t<\/div>\n\t\t<\/section>\n\t\t\t\t<section class=\"elementor-section elementor-top-section elementor-element elementor-element-55dfdb2 elementor-section-full_width qodef-elementor-content-grid elementor-section-height-default elementor-section-height-default\" data-id=\"55dfdb2\" data-element_type=\"section\">\n\t\t\t\t\t\t<div class=\"elementor-container elementor-column-gap-no\">\n\t\t\t\t\t<div class=\"elementor-column elementor-col-100 elementor-top-column elementor-element elementor-element-d24b49d\" data-id=\"d24b49d\" data-element_type=\"column\" data-settings=\"{&quot;background_background&quot;:&quot;classic&quot;}\">\n\t\t\t<div class=\"elementor-widget-wrap elementor-element-populated\">\n\t\t\t\t\t\t<div class=\"elementor-element elementor-element-96e0d22 elementor-widget elementor-widget-qi_addons_for_elementor_section_title\" data-id=\"96e0d22\" data-element_type=\"widget\" data-widget_type=\"qi_addons_for_elementor_section_title.default\">\n\t\t\t\t<div class=\"elementor-widget-container\">\n\t\t\t\t\t<div class=\"qodef-shortcode qodef-m qodef-qi-section-title qodef-decoration--italic qodef-link--underline-draw qodef-subtitle-icon--left\">\n\t\t\t\t\t\t<h2 class=\"qodef-m-title\">\n\t\tContact\t<\/h2>\n\t\t\t<div class=\"qodef-m-text\"><p><span style=\"font-weight: 400\">Meetings are held in person and online.<\/span><span style=\"font-weight: 400\"><br \/><\/span><span style=\"font-weight: 400\">Write to me if you want to ask a question, arrange a personal session,\u00a0<\/span><\/p><p><span style=\"font-weight: 400\">participate in experiential workshops or acquire independent practices.<\/span><\/p><\/div>\n\t<\/div>\n\t\t\t\t<\/div>\n\t\t\t\t<\/div>\n\t\t\t\t\t<\/div>\n\t\t<\/div>\n\t\t\t\t\t<\/div>\n\t\t<\/section>\n\t\t\t\t<section class=\"elementor-section elementor-top-section elementor-element elementor-element-76e2d76 elementor-section-full_width qodef-elementor-content-grid elementor-section-content-middle elementor-section-height-default elementor-section-height-default\" data-id=\"76e2d76\" data-element_type=\"section\">\n\t\t\t\t\t\t<div class=\"elementor-container elementor-column-gap-no\">\n\t\t\t\t\t<div class=\"elementor-column elementor-col-100 elementor-top-column elementor-element elementor-element-543d68e\" data-id=\"543d68e\" data-element_type=\"column\">\n\t\t\t<div class=\"elementor-widget-wrap elementor-element-populated\">\n\t\t\t\t\t\t<div class=\"elementor-element elementor-element-5dde76f elementor-widget elementor-widget-form\" data-id=\"5dde76f\" data-element_type=\"widget\" data-settings=\"{&quot;button_width&quot;:&quot;33&quot;,&quot;step_next_label&quot;:&quot;Next&quot;,&quot;step_previous_label&quot;:&quot;Previous&quot;,&quot;step_type&quot;:&quot;number_text&quot;,&quot;step_icon_shape&quot;:&quot;circle&quot;}\" data-widget_type=\"form.default\">\n\t\t\t\t<div class=\"elementor-widget-container\">\n\t\t\t\t\t\t\t<form class=\"elementor-form\" method=\"post\" name=\"New Form\" aria-label=\"New Form\" action=\"\">\n\t\t\t<input type=\"hidden\" name=\"post_id\" value=\"520\"\/>\n\t\t\t<input type=\"hidden\" name=\"form_id\" value=\"5dde76f\"\/>\n\t\t\t<input type=\"hidden\" name=\"referer_title\" value=\"Dovanos - Vilmalight\" \/>\n\n\t\t\t\t\t\t\t<input type=\"hidden\" name=\"queried_id\" value=\"520\"\/>\n\t\t\t\n\t\t\t<div class=\"elementor-form-fields-wrapper elementor-labels-above\">\n\t\t\t\t\t\t\t\t<div class=\"elementor-field-type-text elementor-field-group elementor-column elementor-field-group-name elementor-col-80 elementor-field-required\">\n\t\t\t\t\t\t\t\t\t\t\t\t\t<input size=\"1\" type=\"text\" name=\"form_fields[name]\" id=\"form-field-name\" class=\"elementor-field elementor-size-md  elementor-field-textual\" placeholder=\"Name\" required=\"required\">\n\t\t\t\t\t\t\t\t\t\t\t<\/div>\n\t\t\t\t\t\t\t\t<div class=\"elementor-field-type-email elementor-field-group elementor-column elementor-field-group-email elementor-col-80 elementor-field-required\">\n\t\t\t\t\t\t\t\t\t\t\t\t\t<input size=\"1\" type=\"email\" name=\"form_fields[email]\" id=\"form-field-email\" class=\"elementor-field elementor-size-md  elementor-field-textual\" placeholder=\"Email\" required=\"required\">\n\t\t\t\t\t\t\t\t\t\t\t<\/div>\n\t\t\t\t\t\t\t\t<div class=\"elementor-field-type-textarea elementor-field-group elementor-column elementor-field-group-message elementor-col-80\">\n\t\t\t\t\t<textarea class=\"elementor-field-textual elementor-field  elementor-size-md\" name=\"form_fields[message]\" id=\"form-field-message\" rows=\"4\" placeholder=\"Message\"><\/textarea>\t\t\t\t<\/div>\n\t\t\t\t\t\t\t\t<div class=\"elementor-field-type-recaptcha_v3 elementor-field-group elementor-column elementor-field-group-field_47f026d elementor-col-100 recaptcha_v3-bottomright\">\n\t\t\t\t\t<div class=\"elementor-field\" id=\"form-field-field_47f026d\"><div class=\"elementor-g-recaptcha\" data-sitekey=\"6LcRoWIrAAAAACFN-rxSFEw5pzkWrBQ-Q5M0Yjf6\" data-type=\"v3\" data-action=\"Form\" data-badge=\"bottomright\" data-size=\"invisible\"><\/div><\/div>\t\t\t\t<\/div>\n\t\t\t\t\t\t\t\t<div class=\"elementor-field-group elementor-column elementor-field-type-submit elementor-col-33 e-form__buttons\">\n\t\t\t\t\t<button class=\"elementor-button elementor-size-sm\" type=\"submit\">\n\t\t\t\t\t\t<span class=\"elementor-button-content-wrapper\">\n\t\t\t\t\t\t\t\t\t\t\t\t\t\t\t\t\t\t\t\t\t\t<span class=\"elementor-button-text\">Submit<\/span>\n\t\t\t\t\t\t\t\t\t\t\t\t\t<\/span>\n\t\t\t\t\t<\/button>\n\t\t\t\t<\/div>\n\t\t\t<\/div>\n\t\t<input type=\"hidden\" name=\"trp-form-language\" value=\"en\"\/><\/form>\n\t\t\t\t\t\t<\/div>\n\t\t\t\t<\/div>\n\t\t\t\t\t<\/div>\n\t\t<\/div>\n\t\t\t\t\t<\/div>\n\t\t<\/section>\n\t\t\t\t<\/div>","protected":false},"excerpt":{"rendered":"<p>Prisipildymas reikalinga energija Prisipildymas d\u017eiaugsmo ir veiksmo energija padeda b\u016bti geroje nuotaikoje ir pa\u017eadina \u016bp\u0105 veikti. Tai 20 minu\u010di\u0173 trukm\u0117s audio meditacija. Po jos pasteb\u0117site pakili\u0105, d\u017eiaugsming\u0105 nuotaik\u0105, atsiras daugiau vidin\u0117s energijos ir noro imtis veiksm\u0173. Kei\u010diantis vidinei b\u016bsenai, kei\u010diasi i\u0161orin\u0117 tikrov\u0117. Mes patys esame savo vidini\u0173 b\u016bsen\u0173 K\u016br\u0117jai. Vidin\u0117 b\u016bsena yra resursas, kuris atsispindi [&hellip;]<\/p>","protected":false},"author":1,"featured_media":1638,"parent":0,"menu_order":0,"comment_status":"closed","ping_status":"closed","template":"qi-full-width.php","meta":{"inline_featured_image":false,"footnotes":""},"class_list":["post-520","page","type-page","status-publish","has-post-thumbnail","hentry"],"yoast_head":"<!-- This site is optimized with the Yoast SEO plugin v26.8 - https:\/\/yoast.com\/product\/yoast-seo-wordpress\/ -->\n<title>Dovanos - Vilmalight<\/title>\n<meta name=\"description\" content=\"Vilma LIGHT: poky\u010diai per darb\u0105 su pas\u0105mone. Ugdomas s\u0105moningumas, kad atrasti pusiausvyr\u0105, harmonij\u0105. J\u016bs\u0173 potencialas slypi j\u016bs\u0173 pas\u0105mon\u0117s \u012fra\u0161uose.\" \/>\n<meta name=\"robots\" content=\"index, follow, max-snippet:-1, max-image-preview:large, max-video-preview:-1\" \/>\n<link rel=\"canonical\" href=\"https:\/\/vilmalight.lt\/en\/dovanos\/\" \/>\n<meta property=\"og:locale\" content=\"en_US\" \/>\n<meta property=\"og:type\" content=\"article\" \/>\n<meta property=\"og:title\" content=\"Vilma LIGHT: s\u0105moningumas I pusiausvyra I harmonija I transformacija I konsultacija\" \/>\n<meta property=\"og:description\" content=\"Vilma LIGHT: poky\u010diai per darb\u0105 su pas\u0105mone. Ugdomas s\u0105moningumas, kad atrasti pusiausvyr\u0105, harmonij\u0105. J\u016bs\u0173 potencialas slypi j\u016bs\u0173 pas\u0105mon\u0117s \u012fra\u0161uose.\" \/>\n<meta property=\"og:url\" content=\"https:\/\/vilmalight.lt\/en\/dovanos\/\" \/>\n<meta property=\"og:site_name\" content=\"Vilmalight\" \/>\n<meta property=\"article:modified_time\" content=\"2026-02-04T15:14:17+00:00\" \/>\n<meta property=\"og:image\" content=\"https:\/\/vilmalight.lt\/wp-content\/uploads\/2024\/12\/Dovanos-header.png\" \/>\n\t<meta property=\"og:image:width\" content=\"1300\" \/>\n\t<meta property=\"og:image:height\" content=\"566\" \/>\n\t<meta property=\"og:image:type\" content=\"image\/png\" \/>\n<meta name=\"twitter:card\" content=\"summary_large_image\" \/>\n<meta name=\"twitter:label1\" content=\"Est. reading time\" \/>\n\t<meta name=\"twitter:data1\" content=\"2 minutes\" \/>\n<script type=\"application\/ld+json\" class=\"yoast-schema-graph\">{\"@context\":\"https:\/\/schema.org\",\"@graph\":[{\"@type\":\"WebPage\",\"@id\":\"https:\/\/vilmalight.lt\/dovanos\/\",\"url\":\"https:\/\/vilmalight.lt\/dovanos\/\",\"name\":\"Dovanos - Vilmalight\",\"isPartOf\":{\"@id\":\"https:\/\/vilmalight.lt\/#website\"},\"primaryImageOfPage\":{\"@id\":\"https:\/\/vilmalight.lt\/dovanos\/#primaryimage\"},\"image\":{\"@id\":\"https:\/\/vilmalight.lt\/dovanos\/#primaryimage\"},\"thumbnailUrl\":\"https:\/\/vilmalight.lt\/wp-content\/uploads\/2024\/12\/kirpta-zalsva-scaled.jpg\",\"datePublished\":\"2020-11-23T12:55:28+00:00\",\"dateModified\":\"2026-02-04T15:14:17+00:00\",\"description\":\"Vilma LIGHT: poky\u010diai per darb\u0105 su pas\u0105mone. Ugdomas s\u0105moningumas, kad atrasti pusiausvyr\u0105, harmonij\u0105. J\u016bs\u0173 potencialas slypi j\u016bs\u0173 pas\u0105mon\u0117s \u012fra\u0161uose.\",\"breadcrumb\":{\"@id\":\"https:\/\/vilmalight.lt\/dovanos\/#breadcrumb\"},\"inLanguage\":\"en-US\",\"potentialAction\":[{\"@type\":\"ReadAction\",\"target\":[\"https:\/\/vilmalight.lt\/dovanos\/\"]}]},{\"@type\":\"ImageObject\",\"inLanguage\":\"en-US\",\"@id\":\"https:\/\/vilmalight.lt\/dovanos\/#primaryimage\",\"url\":\"https:\/\/vilmalight.lt\/wp-content\/uploads\/2024\/12\/kirpta-zalsva-scaled.jpg\",\"contentUrl\":\"https:\/\/vilmalight.lt\/wp-content\/uploads\/2024\/12\/kirpta-zalsva-scaled.jpg\",\"width\":2560,\"height\":1143},{\"@type\":\"BreadcrumbList\",\"@id\":\"https:\/\/vilmalight.lt\/dovanos\/#breadcrumb\",\"itemListElement\":[{\"@type\":\"ListItem\",\"position\":1,\"name\":\"Home\",\"item\":\"https:\/\/vilmalight.lt\/\"},{\"@type\":\"ListItem\",\"position\":2,\"name\":\"Dovanos\"}]},{\"@type\":\"WebSite\",\"@id\":\"https:\/\/vilmalight.lt\/#website\",\"url\":\"https:\/\/vilmalight.lt\/\",\"name\":\"Vilma LIGHT\",\"description\":\"\",\"potentialAction\":[{\"@type\":\"SearchAction\",\"target\":{\"@type\":\"EntryPoint\",\"urlTemplate\":\"https:\/\/vilmalight.lt\/?s={search_term_string}\"},\"query-input\":{\"@type\":\"PropertyValueSpecification\",\"valueRequired\":true,\"valueName\":\"search_term_string\"}}],\"inLanguage\":\"en-US\"}]}<\/script>\n<!-- \/ Yoast SEO plugin. -->","yoast_head_json":{"title":"Dovanos - Vilmalight","description":"Vilma LIGHT: poky\u010diai per darb\u0105 su pas\u0105mone. Ugdomas s\u0105moningumas, kad atrasti pusiausvyr\u0105, harmonij\u0105. J\u016bs\u0173 potencialas slypi j\u016bs\u0173 pas\u0105mon\u0117s \u012fra\u0161uose.","robots":{"index":"index","follow":"follow","max-snippet":"max-snippet:-1","max-image-preview":"max-image-preview:large","max-video-preview":"max-video-preview:-1"},"canonical":"https:\/\/vilmalight.lt\/en\/dovanos\/","og_locale":"en_US","og_type":"article","og_title":"Vilma LIGHT: s\u0105moningumas I pusiausvyra I harmonija I transformacija I konsultacija","og_description":"Vilma LIGHT: poky\u010diai per darb\u0105 su pas\u0105mone. Ugdomas s\u0105moningumas, kad atrasti pusiausvyr\u0105, harmonij\u0105. J\u016bs\u0173 potencialas slypi j\u016bs\u0173 pas\u0105mon\u0117s \u012fra\u0161uose.","og_url":"https:\/\/vilmalight.lt\/en\/dovanos\/","og_site_name":"Vilmalight","article_modified_time":"2026-02-04T15:14:17+00:00","og_image":[{"width":1300,"height":566,"url":"https:\/\/vilmalight.lt\/wp-content\/uploads\/2024\/12\/Dovanos-header.png","type":"image\/png"}],"twitter_card":"summary_large_image","twitter_misc":{"Est. reading time":"2 minutes"},"schema":{"@context":"https:\/\/schema.org","@graph":[{"@type":"WebPage","@id":"https:\/\/vilmalight.lt\/dovanos\/","url":"https:\/\/vilmalight.lt\/dovanos\/","name":"Dovanos - Vilmalight","isPartOf":{"@id":"https:\/\/vilmalight.lt\/#website"},"primaryImageOfPage":{"@id":"https:\/\/vilmalight.lt\/dovanos\/#primaryimage"},"image":{"@id":"https:\/\/vilmalight.lt\/dovanos\/#primaryimage"},"thumbnailUrl":"https:\/\/vilmalight.lt\/wp-content\/uploads\/2024\/12\/kirpta-zalsva-scaled.jpg","datePublished":"2020-11-23T12:55:28+00:00","dateModified":"2026-02-04T15:14:17+00:00","description":"Vilma LIGHT: poky\u010diai per darb\u0105 su pas\u0105mone. Ugdomas s\u0105moningumas, kad atrasti pusiausvyr\u0105, harmonij\u0105. J\u016bs\u0173 potencialas slypi j\u016bs\u0173 pas\u0105mon\u0117s \u012fra\u0161uose.","breadcrumb":{"@id":"https:\/\/vilmalight.lt\/dovanos\/#breadcrumb"},"inLanguage":"en-US","potentialAction":[{"@type":"ReadAction","target":["https:\/\/vilmalight.lt\/dovanos\/"]}]},{"@type":"ImageObject","inLanguage":"en-US","@id":"https:\/\/vilmalight.lt\/dovanos\/#primaryimage","url":"https:\/\/vilmalight.lt\/wp-content\/uploads\/2024\/12\/kirpta-zalsva-scaled.jpg","contentUrl":"https:\/\/vilmalight.lt\/wp-content\/uploads\/2024\/12\/kirpta-zalsva-scaled.jpg","width":2560,"height":1143},{"@type":"BreadcrumbList","@id":"https:\/\/vilmalight.lt\/dovanos\/#breadcrumb","itemListElement":[{"@type":"ListItem","position":1,"name":"Home","item":"https:\/\/vilmalight.lt\/"},{"@type":"ListItem","position":2,"name":"Dovanos"}]},{"@type":"WebSite","@id":"https:\/\/vilmalight.lt\/#website","url":"https:\/\/vilmalight.lt\/","name":"Vilma LIGHT","description":"","potentialAction":[{"@type":"SearchAction","target":{"@type":"EntryPoint","urlTemplate":"https:\/\/vilmalight.lt\/?s={search_term_string}"},"query-input":{"@type":"PropertyValueSpecification","valueRequired":true,"valueName":"search_term_string"}}],"inLanguage":"en-US"}]}},"_links":{"self":[{"href":"https:\/\/vilmalight.lt\/en\/wp-json\/wp\/v2\/pages\/520","targetHints":{"allow":["GET"]}}],"collection":[{"href":"https:\/\/vilmalight.lt\/en\/wp-json\/wp\/v2\/pages"}],"about":[{"href":"https:\/\/vilmalight.lt\/en\/wp-json\/wp\/v2\/types\/page"}],"author":[{"embeddable":true,"href":"https:\/\/vilmalight.lt\/en\/wp-json\/wp\/v2\/users\/1"}],"replies":[{"embeddable":true,"href":"https:\/\/vilmalight.lt\/en\/wp-json\/wp\/v2\/comments?post=520"}],"version-history":[{"count":181,"href":"https:\/\/vilmalight.lt\/en\/wp-json\/wp\/v2\/pages\/520\/revisions"}],"predecessor-version":[{"id":3516,"href":"https:\/\/vilmalight.lt\/en\/wp-json\/wp\/v2\/pages\/520\/revisions\/3516"}],"wp:featuredmedia":[{"embeddable":true,"href":"https:\/\/vilmalight.lt\/en\/wp-json\/wp\/v2\/media\/1638"}],"wp:attachment":[{"href":"https:\/\/vilmalight.lt\/en\/wp-json\/wp\/v2\/media?parent=520"}],"curies":[{"name":"wp","href":"https:\/\/api.w.org\/{rel}","templated":true}]}}