{"id":687,"date":"2020-11-23T14:41:29","date_gmt":"2020-11-23T14:41:29","guid":{"rendered":"https:\/\/qi76.qodeinteractive.com\/?page_id=687"},"modified":"2026-02-06T16:29:42","modified_gmt":"2026-02-06T16:29:42","slug":"apie-mane","status":"publish","type":"page","link":"https:\/\/vilmalight.lt\/en\/apie-mane\/","title":{"rendered":"About me"},"content":{"rendered":"<div data-elementor-type=\"wp-page\" data-elementor-id=\"687\" class=\"elementor elementor-687\" data-elementor-post-type=\"page\">\n\t\t\t\t\t\t<section class=\"elementor-section elementor-top-section elementor-element elementor-element-8ab66ff elementor-section-full_width qodef-elementor-content-grid elementor-section-height-default elementor-section-height-default\" data-id=\"8ab66ff\" data-element_type=\"section\">\n\t\t\t\t\t\t<div class=\"elementor-container elementor-column-gap-no\">\n\t\t\t\t\t<div class=\"elementor-column elementor-col-50 elementor-top-column elementor-element elementor-element-e2932a7 lygiavimas\" data-id=\"e2932a7\" data-element_type=\"column\">\n\t\t\t<div class=\"elementor-widget-wrap elementor-element-populated\">\n\t\t\t\t\t\t<div class=\"elementor-element elementor-element-05f8106 lygiavimas elementor-widget elementor-widget-qi_addons_for_elementor_section_title\" data-id=\"05f8106\" data-element_type=\"widget\" data-widget_type=\"qi_addons_for_elementor_section_title.default\">\n\t\t\t\t<div class=\"elementor-widget-container\">\n\t\t\t\t\t<div class=\"qodef-shortcode qodef-m qodef-qi-section-title qodef-decoration--italic qodef-link--underline-draw qodef-subtitle-icon--left\">\n\t\t\t\t\t\t<h3 class=\"qodef-m-title\">\n\t\tAbout my journey and work\t<\/h3>\n\t\t\t<div class=\"qodef-m-text\"><p><span style=\"font-weight: 400\">I work with people who have already experienced a lot, who know their light and dark sides, who have invested in awareness and personal growth. At this stage of their lives, what is important to them is not more knowledge, but <\/span><b>inner clarity, stability, and direction in specific situations.<\/b><span style=\"font-weight: 400\">Life changes, challenges change, so previous experiences and understandings do not always help us move forward. I help you understand and integrate new insights into your daily life, relationships, and goals\u2014returning to your inner axis.<br \/><br \/><\/span><\/p><p>Link 20 met\u0173 mokiausi ir rinkau patirtis, esu sukaupusi daug individualaus konsultavimo valand\u0173. Dirbu tiek su asmenimis, tiek su grup\u0117mis. Did\u017eioji dalis mano klient\u0173 yra coacheriai, terapeutai, vadovai ir vie\u0161ai matomi \u017emon\u0117s, kurie prisiima atsakomyb\u0119 ne tik u\u017e savo vidin\u012f augim\u0105, bet ir u\u017e tai, kaip jie veikia pasaulyje. Mano darbe itin svarb\u016bs pasitik\u0117jimas, saugumas ir konfidencialumas.<br \/><br \/><\/p><p><span style=\"font-weight: 400\">I studied with Teachers and mentors <\/span>from Lithuania to Europe, Asia, Russia, and the USA.<span style=\"font-weight: 400\">My many years of experience have allowed me to see the big picture and work individually in each case, combining different systems into an original approach. I see people as multi-layered beings, so we work on different levels \u2013 from the emotional and psychological to the spiritual. The essence of my guidance is <\/span><b>not to \"fix\" a person, but to help them return to their inner authority<\/b><span style=\"font-weight: 400\"> and consciously choose how he wants to live.<br \/><br \/><\/span><\/p><p><b>In my work with Vilma LIGHT, I rely on my connection with my Higher Self<\/b><span style=\"font-weight: 400\"> \u2013 a state of superconsciousness. I guide the client into this state and remain there myself. From this position, the true causes, subconscious records, and their interconnections become clearly visible. This work allows not only for a deep understanding of internal processes, but also <\/span>integrate spiritual experience into thinking, decisions, and actions<span style=\"font-weight: 400\">so that the changes become a real part of life.<br \/><br \/><\/span><\/p><p><span style=\"font-weight: 400\">According to <\/span>Jyotish \u2013 astrology of the soul<span style=\"font-weight: 400\">, mano prigimtinis vaidmuo yra <\/span>Vedlio<span style=\"font-weight: 400\"> \u2013 mano horoskope yra net <\/span>three independent mentoring and coaching indicators<span style=\"font-weight: 400\">, which is considered a rarity. According to <\/span>Human Design<span style=\"font-weight: 400\"> esu <\/span>4\/6 \u2013 Opportunist \/ Role Model<span style=\"font-weight: 400\">, whose full expression is revealed in the stage of maturity. My job is not to teach technicians, but <\/span>embody and convey a conscious way of life<span style=\"font-weight: 400\">, guiding people through a transformation of perspective and identity.<br \/><br \/><\/span><\/p><p><span style=\"font-weight: 400\">I work sensitively, attentively, and respectfully toward the human process. Where necessary, I gently push toward experience and action. <\/span>Depth and lightness \u2013 the hallmarks of my work.<br \/><br \/><\/p><p><b>If you feel like you want more clarity in a specific situation or a broader direction in life<\/b>, you want to know and realize your potential, I invite you to contact me and choose the most suitable personal session format for you.<br \/><br \/><\/p><p>In the name of personal and shared evolution,<\/p><p>Vilma LIGHT<\/p><\/div>\n\t<\/div>\n\t\t\t\t<\/div>\n\t\t\t\t<\/div>\n\t\t\t\t\t<\/div>\n\t\t<\/div>\n\t\t\t\t<div class=\"elementor-column elementor-col-50 elementor-top-column elementor-element elementor-element-a6d316d\" data-id=\"a6d316d\" data-element_type=\"column\">\n\t\t\t<div class=\"elementor-widget-wrap elementor-element-populated\">\n\t\t\t\t\t\t<div class=\"elementor-element elementor-element-aab61dd elementor-widget elementor-widget-image\" data-id=\"aab61dd\" data-element_type=\"widget\" data-widget_type=\"image.default\">\n\t\t\t\t<div class=\"elementor-widget-container\">\n\t\t\t\t\t\t\t\t\t\t\t\t\t\t\t<img fetchpriority=\"high\" decoding=\"async\" width=\"1913\" height=\"2560\" src=\"https:\/\/vilmalight.lt\/wp-content\/uploads\/2024\/12\/balta-did-scaled.jpg\" class=\"attachment-full size-full wp-image-1423\" alt=\"\" srcset=\"https:\/\/vilmalight.lt\/wp-content\/uploads\/2024\/12\/balta-did-scaled.jpg 1913w, https:\/\/vilmalight.lt\/wp-content\/uploads\/2024\/12\/balta-did-224x300.jpg 224w, https:\/\/vilmalight.lt\/wp-content\/uploads\/2024\/12\/balta-did-765x1024.jpg 765w, https:\/\/vilmalight.lt\/wp-content\/uploads\/2024\/12\/balta-did-768x1027.jpg 768w, https:\/\/vilmalight.lt\/wp-content\/uploads\/2024\/12\/balta-did-1148x1536.jpg 1148w, https:\/\/vilmalight.lt\/wp-content\/uploads\/2024\/12\/balta-did-1531x2048.jpg 1531w\" sizes=\"(max-width: 1913px) 100vw, 1913px\" \/>\t\t\t\t\t\t\t\t\t\t\t\t\t\t\t<\/div>\n\t\t\t\t<\/div>\n\t\t\t\t\t<\/div>\n\t\t<\/div>\n\t\t\t\t\t<\/div>\n\t\t<\/section>\n\t\t\t\t<\/div>","protected":false},"excerpt":{"rendered":"<p>Apie mano keli\u0105 ir darb\u0105 Dirbu su \u017emon\u0117mis, kurie jau daug patyr\u0117, pa\u017eino savo \u0161viesias ir tamsias puses, investavo \u012f s\u0105moningum\u0105 ir asmenin\u012f augim\u0105. \u0160iame gyvenimo etape jiems svarbu ne dar daugiau \u017eini\u0173, o vidinis ai\u0161kumas, stabilumas ir kryptis konkre\u010diose situacijose. Gyvenimas kei\u010diasi, kei\u010diasi ir i\u0161\u0161\u016bkiai, tod\u0117l ankstesn\u0117s patirtys bei supratimai ne visada padeda jud\u0117ti [&hellip;]<\/p>","protected":false},"author":1,"featured_media":1508,"parent":0,"menu_order":0,"comment_status":"closed","ping_status":"closed","template":"qi-full-width.php","meta":{"inline_featured_image":false,"footnotes":""},"class_list":["post-687","page","type-page","status-publish","has-post-thumbnail","hentry"],"yoast_head":"<!-- This site is optimized with the Yoast SEO plugin v26.8 - https:\/\/yoast.com\/product\/yoast-seo-wordpress\/ -->\n<title>Apie mane - Vilmalight<\/title>\n<meta name=\"description\" content=\"Vilma LIGHT: konsultacijos ir mentoryst\u0117, darbas su pas\u0105mone. Pinigai, darbas, sveikata, \u0161eima, meil\u0117, k\u016bryba. Tinka jei kankina sunkios emocijos, stresas, ne\u017einia, konfliktai, \u012ftampa, nepasitik\u0117jimas savimi, baim\u0117.\" \/>\n<meta name=\"robots\" content=\"index, follow, max-snippet:-1, max-image-preview:large, max-video-preview:-1\" \/>\n<link rel=\"canonical\" href=\"https:\/\/vilmalight.lt\/en\/apie-mane\/\" \/>\n<meta property=\"og:locale\" content=\"en_US\" \/>\n<meta property=\"og:type\" content=\"article\" \/>\n<meta property=\"og:title\" content=\"Apie mane - Vilmalight\" \/>\n<meta property=\"og:description\" content=\"Vilma LIGHT: konsultacijos ir mentoryst\u0117, darbas su pas\u0105mone. Pinigai, darbas, sveikata, \u0161eima, meil\u0117, k\u016bryba. Tinka jei kankina sunkios emocijos, stresas, ne\u017einia, konfliktai, \u012ftampa, nepasitik\u0117jimas savimi, baim\u0117.\" \/>\n<meta property=\"og:url\" content=\"https:\/\/vilmalight.lt\/en\/apie-mane\/\" \/>\n<meta property=\"og:site_name\" content=\"Vilmalight\" \/>\n<meta property=\"article:modified_time\" content=\"2026-02-06T16:29:42+00:00\" \/>\n<meta property=\"og:image\" content=\"https:\/\/vilmalight.lt\/wp-content\/uploads\/2024\/12\/balta-did.png\" \/>\n\t<meta property=\"og:image:width\" content=\"1092\" \/>\n\t<meta property=\"og:image:height\" content=\"852\" \/>\n\t<meta property=\"og:image:type\" content=\"image\/png\" \/>\n<meta name=\"twitter:card\" content=\"summary_large_image\" \/>\n<meta name=\"twitter:label1\" content=\"Est. reading time\" \/>\n\t<meta name=\"twitter:data1\" content=\"3 minutes\" \/>\n<script type=\"application\/ld+json\" class=\"yoast-schema-graph\">{\"@context\":\"https:\/\/schema.org\",\"@graph\":[{\"@type\":\"WebPage\",\"@id\":\"https:\/\/vilmalight.lt\/apie-mane\/\",\"url\":\"https:\/\/vilmalight.lt\/apie-mane\/\",\"name\":\"Apie mane - Vilmalight\",\"isPartOf\":{\"@id\":\"https:\/\/vilmalight.lt\/#website\"},\"primaryImageOfPage\":{\"@id\":\"https:\/\/vilmalight.lt\/apie-mane\/#primaryimage\"},\"image\":{\"@id\":\"https:\/\/vilmalight.lt\/apie-mane\/#primaryimage\"},\"thumbnailUrl\":\"https:\/\/vilmalight.lt\/wp-content\/uploads\/2024\/12\/balta-did.png\",\"datePublished\":\"2020-11-23T14:41:29+00:00\",\"dateModified\":\"2026-02-06T16:29:42+00:00\",\"description\":\"Vilma LIGHT: konsultacijos ir mentoryst\u0117, darbas su pas\u0105mone. Pinigai, darbas, sveikata, \u0161eima, meil\u0117, k\u016bryba. Tinka jei kankina sunkios emocijos, stresas, ne\u017einia, konfliktai, \u012ftampa, nepasitik\u0117jimas savimi, baim\u0117.\",\"breadcrumb\":{\"@id\":\"https:\/\/vilmalight.lt\/apie-mane\/#breadcrumb\"},\"inLanguage\":\"en-US\",\"potentialAction\":[{\"@type\":\"ReadAction\",\"target\":[\"https:\/\/vilmalight.lt\/apie-mane\/\"]}]},{\"@type\":\"ImageObject\",\"inLanguage\":\"en-US\",\"@id\":\"https:\/\/vilmalight.lt\/apie-mane\/#primaryimage\",\"url\":\"https:\/\/vilmalight.lt\/wp-content\/uploads\/2024\/12\/balta-did.png\",\"contentUrl\":\"https:\/\/vilmalight.lt\/wp-content\/uploads\/2024\/12\/balta-did.png\",\"width\":1092,\"height\":852},{\"@type\":\"BreadcrumbList\",\"@id\":\"https:\/\/vilmalight.lt\/apie-mane\/#breadcrumb\",\"itemListElement\":[{\"@type\":\"ListItem\",\"position\":1,\"name\":\"Home\",\"item\":\"https:\/\/vilmalight.lt\/\"},{\"@type\":\"ListItem\",\"position\":2,\"name\":\"Apie mane\"}]},{\"@type\":\"WebSite\",\"@id\":\"https:\/\/vilmalight.lt\/#website\",\"url\":\"https:\/\/vilmalight.lt\/\",\"name\":\"Vilma LIGHT\",\"description\":\"\",\"potentialAction\":[{\"@type\":\"SearchAction\",\"target\":{\"@type\":\"EntryPoint\",\"urlTemplate\":\"https:\/\/vilmalight.lt\/?s={search_term_string}\"},\"query-input\":{\"@type\":\"PropertyValueSpecification\",\"valueRequired\":true,\"valueName\":\"search_term_string\"}}],\"inLanguage\":\"en-US\"}]}<\/script>\n<!-- \/ Yoast SEO plugin. -->","yoast_head_json":{"title":"Apie mane - Vilmalight","description":"Vilma LIGHT: konsultacijos ir mentoryst\u0117, darbas su pas\u0105mone. Pinigai, darbas, sveikata, \u0161eima, meil\u0117, k\u016bryba. Tinka jei kankina sunkios emocijos, stresas, ne\u017einia, konfliktai, \u012ftampa, nepasitik\u0117jimas savimi, baim\u0117.","robots":{"index":"index","follow":"follow","max-snippet":"max-snippet:-1","max-image-preview":"max-image-preview:large","max-video-preview":"max-video-preview:-1"},"canonical":"https:\/\/vilmalight.lt\/en\/apie-mane\/","og_locale":"en_US","og_type":"article","og_title":"Apie mane - Vilmalight","og_description":"Vilma LIGHT: konsultacijos ir mentoryst\u0117, darbas su pas\u0105mone. Pinigai, darbas, sveikata, \u0161eima, meil\u0117, k\u016bryba. Tinka jei kankina sunkios emocijos, stresas, ne\u017einia, konfliktai, \u012ftampa, nepasitik\u0117jimas savimi, baim\u0117.","og_url":"https:\/\/vilmalight.lt\/en\/apie-mane\/","og_site_name":"Vilmalight","article_modified_time":"2026-02-06T16:29:42+00:00","og_image":[{"width":1092,"height":852,"url":"https:\/\/vilmalight.lt\/wp-content\/uploads\/2024\/12\/balta-did.png","type":"image\/png"}],"twitter_card":"summary_large_image","twitter_misc":{"Est. reading time":"3 minutes"},"schema":{"@context":"https:\/\/schema.org","@graph":[{"@type":"WebPage","@id":"https:\/\/vilmalight.lt\/apie-mane\/","url":"https:\/\/vilmalight.lt\/apie-mane\/","name":"Apie mane - Vilmalight","isPartOf":{"@id":"https:\/\/vilmalight.lt\/#website"},"primaryImageOfPage":{"@id":"https:\/\/vilmalight.lt\/apie-mane\/#primaryimage"},"image":{"@id":"https:\/\/vilmalight.lt\/apie-mane\/#primaryimage"},"thumbnailUrl":"https:\/\/vilmalight.lt\/wp-content\/uploads\/2024\/12\/balta-did.png","datePublished":"2020-11-23T14:41:29+00:00","dateModified":"2026-02-06T16:29:42+00:00","description":"Vilma LIGHT: konsultacijos ir mentoryst\u0117, darbas su pas\u0105mone. Pinigai, darbas, sveikata, \u0161eima, meil\u0117, k\u016bryba. Tinka jei kankina sunkios emocijos, stresas, ne\u017einia, konfliktai, \u012ftampa, nepasitik\u0117jimas savimi, baim\u0117.","breadcrumb":{"@id":"https:\/\/vilmalight.lt\/apie-mane\/#breadcrumb"},"inLanguage":"en-US","potentialAction":[{"@type":"ReadAction","target":["https:\/\/vilmalight.lt\/apie-mane\/"]}]},{"@type":"ImageObject","inLanguage":"en-US","@id":"https:\/\/vilmalight.lt\/apie-mane\/#primaryimage","url":"https:\/\/vilmalight.lt\/wp-content\/uploads\/2024\/12\/balta-did.png","contentUrl":"https:\/\/vilmalight.lt\/wp-content\/uploads\/2024\/12\/balta-did.png","width":1092,"height":852},{"@type":"BreadcrumbList","@id":"https:\/\/vilmalight.lt\/apie-mane\/#breadcrumb","itemListElement":[{"@type":"ListItem","position":1,"name":"Home","item":"https:\/\/vilmalight.lt\/"},{"@type":"ListItem","position":2,"name":"Apie mane"}]},{"@type":"WebSite","@id":"https:\/\/vilmalight.lt\/#website","url":"https:\/\/vilmalight.lt\/","name":"Vilma LIGHT","description":"","potentialAction":[{"@type":"SearchAction","target":{"@type":"EntryPoint","urlTemplate":"https:\/\/vilmalight.lt\/?s={search_term_string}"},"query-input":{"@type":"PropertyValueSpecification","valueRequired":true,"valueName":"search_term_string"}}],"inLanguage":"en-US"}]}},"_links":{"self":[{"href":"https:\/\/vilmalight.lt\/en\/wp-json\/wp\/v2\/pages\/687","targetHints":{"allow":["GET"]}}],"collection":[{"href":"https:\/\/vilmalight.lt\/en\/wp-json\/wp\/v2\/pages"}],"about":[{"href":"https:\/\/vilmalight.lt\/en\/wp-json\/wp\/v2\/types\/page"}],"author":[{"embeddable":true,"href":"https:\/\/vilmalight.lt\/en\/wp-json\/wp\/v2\/users\/1"}],"replies":[{"embeddable":true,"href":"https:\/\/vilmalight.lt\/en\/wp-json\/wp\/v2\/comments?post=687"}],"version-history":[{"count":149,"href":"https:\/\/vilmalight.lt\/en\/wp-json\/wp\/v2\/pages\/687\/revisions"}],"predecessor-version":[{"id":3541,"href":"https:\/\/vilmalight.lt\/en\/wp-json\/wp\/v2\/pages\/687\/revisions\/3541"}],"wp:featuredmedia":[{"embeddable":true,"href":"https:\/\/vilmalight.lt\/en\/wp-json\/wp\/v2\/media\/1508"}],"wp:attachment":[{"href":"https:\/\/vilmalight.lt\/en\/wp-json\/wp\/v2\/media?parent=687"}],"curies":[{"name":"wp","href":"https:\/\/api.w.org\/{rel}","templated":true}]}}