{"id":687,"date":"2020-11-23T14:41:29","date_gmt":"2020-11-23T14:41:29","guid":{"rendered":"https:\/\/qi76.qodeinteractive.com\/?page_id=687"},"modified":"2026-02-06T16:29:42","modified_gmt":"2026-02-06T16:29:42","slug":"apie-mane","status":"publish","type":"page","link":"https:\/\/vilmalight.lt\/lt\/apie-mane\/","title":{"rendered":"Apie mane"},"content":{"rendered":"\t\t<div data-elementor-type=\"wp-page\" data-elementor-id=\"687\" class=\"elementor elementor-687\" data-elementor-post-type=\"page\">\n\t\t\t\t\t\t<section class=\"elementor-section elementor-top-section elementor-element elementor-element-8ab66ff elementor-section-full_width qodef-elementor-content-grid elementor-section-height-default elementor-section-height-default\" data-id=\"8ab66ff\" data-element_type=\"section\">\n\t\t\t\t\t\t<div class=\"elementor-container elementor-column-gap-no\">\n\t\t\t\t\t<div class=\"elementor-column elementor-col-50 elementor-top-column elementor-element elementor-element-e2932a7 lygiavimas\" data-id=\"e2932a7\" data-element_type=\"column\">\n\t\t\t<div class=\"elementor-widget-wrap elementor-element-populated\">\n\t\t\t\t\t\t<div class=\"elementor-element elementor-element-05f8106 lygiavimas elementor-widget elementor-widget-qi_addons_for_elementor_section_title\" data-id=\"05f8106\" data-element_type=\"widget\" data-widget_type=\"qi_addons_for_elementor_section_title.default\">\n\t\t\t\t<div class=\"elementor-widget-container\">\n\t\t\t\t\t<div class=\"qodef-shortcode qodef-m qodef-qi-section-title qodef-decoration--italic qodef-link--underline-draw qodef-subtitle-icon--left\">\n\t\t\t\t\t\t<h3 class=\"qodef-m-title\">\n\t\tApie mano keli\u0105 ir darb\u0105\t<\/h3>\n\t\t\t<div class=\"qodef-m-text\"><p><span style=\"font-weight: 400\">Dirbu su \u017emon\u0117mis, kurie jau daug patyr\u0117, pa\u017eino savo \u0161viesias ir tamsias puses, investavo \u012f s\u0105moningum\u0105 ir asmenin\u012f augim\u0105. \u0160iame gyvenimo etape jiems svarbu ne dar daugiau \u017eini\u0173, o <\/span><b>vidinis ai\u0161kumas, stabilumas ir kryptis konkre\u010diose situacijose<\/b><span style=\"font-weight: 400\">. Gyvenimas kei\u010diasi, kei\u010diasi ir i\u0161\u0161\u016bkiai, tod\u0117l ankstesn\u0117s patirtys bei supratimai ne visada padeda jud\u0117ti toliau. A\u0161 padedu susivokti ir integruoti nauj\u0105 suvokim\u0105 \u012f kasdien\u012f gyvenim\u0105, santykius ir tikslus \u2013 gr\u012f\u017etant \u012f savo vidin\u0119 a\u0161\u012f.<br \/><br \/><\/span><\/p><p>Link 20 met\u0173 mokiausi ir rinkau patirtis, esu sukaupusi daug individualaus konsultavimo valand\u0173. Dirbu tiek su asmenimis, tiek su grup\u0117mis. Did\u017eioji dalis mano klient\u0173 yra coacheriai, terapeutai, vadovai ir vie\u0161ai matomi \u017emon\u0117s, kurie prisiima atsakomyb\u0119 ne tik u\u017e savo vidin\u012f augim\u0105, bet ir u\u017e tai, kaip jie veikia pasaulyje. Mano darbe itin svarb\u016bs pasitik\u0117jimas, saugumas ir konfidencialumas.<br \/><br \/><\/p><p><span style=\"font-weight: 400\">Mokiausi pas Mokytojus ir mentorius <\/span>nuo Lietuvos iki Europos, Azijos, Rusijos ir USA<span style=\"font-weight: 400\">. Ilgamet\u0117 patirtis leido man matyti pla\u010diai ir kiekvienu atveju dirbti individualiai, apjungiant skirtingas sistemas \u012f autorin\u012f pri\u0117jim\u0105. \u017dmog\u0173 matau kaip daugiasluoksn\u0119 b\u016btyb\u0119, tod\u0117l dirbame skirtinguose lygmenyse \u2013 nuo emocinio ir psichologinio iki dvasinio. Mano vedimo esm\u0117 \u2013 <\/span><b>ne \u201epataisyti\u201c \u017emog\u0173, o pad\u0117ti jam gr\u012f\u017eti \u012f savo vidin\u012f autoritet\u0105<\/b><span style=\"font-weight: 400\"> ir s\u0105moningai rinktis, kaip jis nori gyventi.<br \/><br \/><\/span><\/p><p><b>Vilma LIGHT veikloje remiuosi susijungimu su Auk\u0161tesniuoju A\u0161<\/b><span style=\"font-weight: 400\"> \u2013 vir\u0161asmenine s\u0105mon\u0117s b\u016bsena. \u012e j\u0105 \u012fvedu klient\u0105 ir pati joje b\u016bnu. I\u0161 \u0161ios pozicijos ai\u0161kiai matomos tikrosios prie\u017eastys, pas\u0105moniniai \u012fra\u0161ai ir j\u0173 tarpusavio s\u0105sajos. \u0160is darbas leid\u017eia ne tik giliai suvokti vidinius procesus, bet ir <\/span>integruoti dvasin\u012f patyrim\u0105 \u012f m\u0105stym\u0105, sprendimus ir veiksmus<span style=\"font-weight: 400\">, kad poky\u010diai tapt\u0173 realia gyvenimo dalimi.<br \/><br \/><\/span><\/p><p><span style=\"font-weight: 400\">Pagal <\/span>Jyotish \u2013 sielos astrologij\u0105<span style=\"font-weight: 400\">, mano prigimtinis vaidmuo yra <\/span>Vedlio<span style=\"font-weight: 400\"> \u2013 mano horoskope yra net <\/span>trys nepriklausomi mentoryst\u0117s ir vedlio rodikliai<span style=\"font-weight: 400\">, kas laikoma retenybe. Pagal <\/span>Human Design<span style=\"font-weight: 400\"> esu <\/span>4\/6 \u2013 Oportunistas \/ Role Model<span style=\"font-weight: 400\">, kurio pilna rai\u0161ka atsiskleid\u017eia brandos etape. Mano darbas yra ne mokyti technik\u0173, o <\/span>\u012fk\u016bnyti ir perduoti s\u0105moningo gyvenimo b\u016bd\u0105<span style=\"font-weight: 400\">, vedant \u017emones per po\u017ei\u016brio ir tapatyb\u0117s transformacij\u0105.<br \/><br \/><\/span><\/p><p><span style=\"font-weight: 400\">Dirbu jautriai, d\u0117mesingai ir pagarbiai \u017emogaus procesui. Kur reikia \u2013 \u0161velniai pastumiu \u012f patyrim\u0105 ir veiksm\u0105. <\/span>Gylis ir lengvumas\u00a0 \u2013\u00a0 mano darbo para\u0161as.<br \/><br \/><\/p><p><b>Jei jau\u010diate, kad norisi daugiau ai\u0161kumo konkre\u010dioje situacijoje ar platesn\u0117je gyvenimo kryptyje<\/b>, norisi pa\u017einti ir realizuoti savo potencial\u0105, kvie\u010diu susisiekti ir pasirinkti Jums tinkamiausi\u0105 asmenin\u0117s sesijos format\u0105.<br \/><br \/><\/p><p>Vardan asmenin\u0117s ir bendros evoliucijos,<\/p><p>Vilma LIGHT<\/p><\/div>\n\t<\/div>\n\t\t\t\t<\/div>\n\t\t\t\t<\/div>\n\t\t\t\t\t<\/div>\n\t\t<\/div>\n\t\t\t\t<div class=\"elementor-column elementor-col-50 elementor-top-column elementor-element elementor-element-a6d316d\" data-id=\"a6d316d\" data-element_type=\"column\">\n\t\t\t<div class=\"elementor-widget-wrap elementor-element-populated\">\n\t\t\t\t\t\t<div class=\"elementor-element elementor-element-aab61dd elementor-widget elementor-widget-image\" data-id=\"aab61dd\" data-element_type=\"widget\" data-widget_type=\"image.default\">\n\t\t\t\t<div class=\"elementor-widget-container\">\n\t\t\t\t\t\t\t\t\t\t\t\t\t\t\t<img fetchpriority=\"high\" decoding=\"async\" width=\"1913\" height=\"2560\" src=\"https:\/\/vilmalight.lt\/wp-content\/uploads\/2024\/12\/balta-did-scaled.jpg\" class=\"attachment-full size-full wp-image-1423\" alt=\"\" srcset=\"https:\/\/vilmalight.lt\/wp-content\/uploads\/2024\/12\/balta-did-scaled.jpg 1913w, https:\/\/vilmalight.lt\/wp-content\/uploads\/2024\/12\/balta-did-224x300.jpg 224w, https:\/\/vilmalight.lt\/wp-content\/uploads\/2024\/12\/balta-did-765x1024.jpg 765w, https:\/\/vilmalight.lt\/wp-content\/uploads\/2024\/12\/balta-did-768x1027.jpg 768w, https:\/\/vilmalight.lt\/wp-content\/uploads\/2024\/12\/balta-did-1148x1536.jpg 1148w, https:\/\/vilmalight.lt\/wp-content\/uploads\/2024\/12\/balta-did-1531x2048.jpg 1531w\" sizes=\"(max-width: 1913px) 100vw, 1913px\" \/>\t\t\t\t\t\t\t\t\t\t\t\t\t\t\t<\/div>\n\t\t\t\t<\/div>\n\t\t\t\t\t<\/div>\n\t\t<\/div>\n\t\t\t\t\t<\/div>\n\t\t<\/section>\n\t\t\t\t<\/div>\n\t\t","protected":false},"excerpt":{"rendered":"<p>Apie mano keli\u0105 ir darb\u0105 Dirbu su \u017emon\u0117mis, kurie jau daug patyr\u0117, pa\u017eino savo \u0161viesias ir tamsias puses, investavo \u012f s\u0105moningum\u0105 ir asmenin\u012f augim\u0105. \u0160iame gyvenimo etape jiems svarbu ne dar daugiau \u017eini\u0173, o vidinis ai\u0161kumas, stabilumas ir kryptis konkre\u010diose situacijose. Gyvenimas kei\u010diasi, kei\u010diasi ir i\u0161\u0161\u016bkiai, tod\u0117l ankstesn\u0117s patirtys bei supratimai ne visada padeda jud\u0117ti [&hellip;]<\/p>\n","protected":false},"author":1,"featured_media":1508,"parent":0,"menu_order":0,"comment_status":"closed","ping_status":"closed","template":"qi-full-width.php","meta":{"inline_featured_image":false,"footnotes":""},"class_list":["post-687","page","type-page","status-publish","has-post-thumbnail","hentry"],"yoast_head":"<!-- This site is optimized with the Yoast SEO plugin v26.8 - https:\/\/yoast.com\/product\/yoast-seo-wordpress\/ -->\n<title>Apie mane - Vilmalight<\/title>\n<meta name=\"description\" content=\"Vilma LIGHT: konsultacijos ir mentoryst\u0117, darbas su pas\u0105mone. Pinigai, darbas, sveikata, \u0161eima, meil\u0117, k\u016bryba. Tinka jei kankina sunkios emocijos, stresas, ne\u017einia, konfliktai, \u012ftampa, nepasitik\u0117jimas savimi, baim\u0117.\" \/>\n<meta name=\"robots\" content=\"index, follow, max-snippet:-1, max-image-preview:large, max-video-preview:-1\" \/>\n<link rel=\"canonical\" href=\"https:\/\/vilmalight.lt\/lt\/apie-mane\/\" \/>\n<meta property=\"og:locale\" content=\"lt_LT\" \/>\n<meta property=\"og:type\" content=\"article\" \/>\n<meta property=\"og:title\" content=\"Apie mane - Vilmalight\" \/>\n<meta property=\"og:description\" content=\"Vilma LIGHT: konsultacijos ir mentoryst\u0117, darbas su pas\u0105mone. Pinigai, darbas, sveikata, \u0161eima, meil\u0117, k\u016bryba. Tinka jei kankina sunkios emocijos, stresas, ne\u017einia, konfliktai, \u012ftampa, nepasitik\u0117jimas savimi, baim\u0117.\" \/>\n<meta property=\"og:url\" content=\"https:\/\/vilmalight.lt\/lt\/apie-mane\/\" \/>\n<meta property=\"og:site_name\" content=\"Vilmalight\" \/>\n<meta property=\"article:modified_time\" content=\"2026-02-06T16:29:42+00:00\" \/>\n<meta property=\"og:image\" content=\"https:\/\/vilmalight.lt\/wp-content\/uploads\/2024\/12\/balta-did.png\" \/>\n\t<meta property=\"og:image:width\" content=\"1092\" \/>\n\t<meta property=\"og:image:height\" content=\"852\" \/>\n\t<meta property=\"og:image:type\" content=\"image\/png\" \/>\n<meta name=\"twitter:card\" content=\"summary_large_image\" \/>\n<meta name=\"twitter:label1\" content=\"Est. reading time\" \/>\n\t<meta name=\"twitter:data1\" content=\"3 minut\u0117s\" \/>\n<script type=\"application\/ld+json\" class=\"yoast-schema-graph\">{\"@context\":\"https:\/\/schema.org\",\"@graph\":[{\"@type\":\"WebPage\",\"@id\":\"https:\/\/vilmalight.lt\/apie-mane\/\",\"url\":\"https:\/\/vilmalight.lt\/apie-mane\/\",\"name\":\"Apie mane - Vilmalight\",\"isPartOf\":{\"@id\":\"https:\/\/vilmalight.lt\/#website\"},\"primaryImageOfPage\":{\"@id\":\"https:\/\/vilmalight.lt\/apie-mane\/#primaryimage\"},\"image\":{\"@id\":\"https:\/\/vilmalight.lt\/apie-mane\/#primaryimage\"},\"thumbnailUrl\":\"https:\/\/vilmalight.lt\/wp-content\/uploads\/2024\/12\/balta-did.png\",\"datePublished\":\"2020-11-23T14:41:29+00:00\",\"dateModified\":\"2026-02-06T16:29:42+00:00\",\"description\":\"Vilma LIGHT: konsultacijos ir mentoryst\u0117, darbas su pas\u0105mone. Pinigai, darbas, sveikata, \u0161eima, meil\u0117, k\u016bryba. Tinka jei kankina sunkios emocijos, stresas, ne\u017einia, konfliktai, \u012ftampa, nepasitik\u0117jimas savimi, baim\u0117.\",\"breadcrumb\":{\"@id\":\"https:\/\/vilmalight.lt\/apie-mane\/#breadcrumb\"},\"inLanguage\":\"lt-LT\",\"potentialAction\":[{\"@type\":\"ReadAction\",\"target\":[\"https:\/\/vilmalight.lt\/apie-mane\/\"]}]},{\"@type\":\"ImageObject\",\"inLanguage\":\"lt-LT\",\"@id\":\"https:\/\/vilmalight.lt\/apie-mane\/#primaryimage\",\"url\":\"https:\/\/vilmalight.lt\/wp-content\/uploads\/2024\/12\/balta-did.png\",\"contentUrl\":\"https:\/\/vilmalight.lt\/wp-content\/uploads\/2024\/12\/balta-did.png\",\"width\":1092,\"height\":852},{\"@type\":\"BreadcrumbList\",\"@id\":\"https:\/\/vilmalight.lt\/apie-mane\/#breadcrumb\",\"itemListElement\":[{\"@type\":\"ListItem\",\"position\":1,\"name\":\"Home\",\"item\":\"https:\/\/vilmalight.lt\/\"},{\"@type\":\"ListItem\",\"position\":2,\"name\":\"Apie mane\"}]},{\"@type\":\"WebSite\",\"@id\":\"https:\/\/vilmalight.lt\/#website\",\"url\":\"https:\/\/vilmalight.lt\/\",\"name\":\"Vilma LIGHT\",\"description\":\"\",\"potentialAction\":[{\"@type\":\"SearchAction\",\"target\":{\"@type\":\"EntryPoint\",\"urlTemplate\":\"https:\/\/vilmalight.lt\/?s={search_term_string}\"},\"query-input\":{\"@type\":\"PropertyValueSpecification\",\"valueRequired\":true,\"valueName\":\"search_term_string\"}}],\"inLanguage\":\"lt-LT\"}]}<\/script>\n<!-- \/ Yoast SEO plugin. -->","yoast_head_json":{"title":"Apie mane - Vilmalight","description":"Vilma LIGHT: konsultacijos ir mentoryst\u0117, darbas su pas\u0105mone. Pinigai, darbas, sveikata, \u0161eima, meil\u0117, k\u016bryba. Tinka jei kankina sunkios emocijos, stresas, ne\u017einia, konfliktai, \u012ftampa, nepasitik\u0117jimas savimi, baim\u0117.","robots":{"index":"index","follow":"follow","max-snippet":"max-snippet:-1","max-image-preview":"max-image-preview:large","max-video-preview":"max-video-preview:-1"},"canonical":"https:\/\/vilmalight.lt\/lt\/apie-mane\/","og_locale":"lt_LT","og_type":"article","og_title":"Apie mane - Vilmalight","og_description":"Vilma LIGHT: konsultacijos ir mentoryst\u0117, darbas su pas\u0105mone. Pinigai, darbas, sveikata, \u0161eima, meil\u0117, k\u016bryba. Tinka jei kankina sunkios emocijos, stresas, ne\u017einia, konfliktai, \u012ftampa, nepasitik\u0117jimas savimi, baim\u0117.","og_url":"https:\/\/vilmalight.lt\/lt\/apie-mane\/","og_site_name":"Vilmalight","article_modified_time":"2026-02-06T16:29:42+00:00","og_image":[{"width":1092,"height":852,"url":"https:\/\/vilmalight.lt\/wp-content\/uploads\/2024\/12\/balta-did.png","type":"image\/png"}],"twitter_card":"summary_large_image","twitter_misc":{"Est. reading time":"3 minut\u0117s"},"schema":{"@context":"https:\/\/schema.org","@graph":[{"@type":"WebPage","@id":"https:\/\/vilmalight.lt\/apie-mane\/","url":"https:\/\/vilmalight.lt\/apie-mane\/","name":"Apie mane - Vilmalight","isPartOf":{"@id":"https:\/\/vilmalight.lt\/#website"},"primaryImageOfPage":{"@id":"https:\/\/vilmalight.lt\/apie-mane\/#primaryimage"},"image":{"@id":"https:\/\/vilmalight.lt\/apie-mane\/#primaryimage"},"thumbnailUrl":"https:\/\/vilmalight.lt\/wp-content\/uploads\/2024\/12\/balta-did.png","datePublished":"2020-11-23T14:41:29+00:00","dateModified":"2026-02-06T16:29:42+00:00","description":"Vilma LIGHT: konsultacijos ir mentoryst\u0117, darbas su pas\u0105mone. Pinigai, darbas, sveikata, \u0161eima, meil\u0117, k\u016bryba. Tinka jei kankina sunkios emocijos, stresas, ne\u017einia, konfliktai, \u012ftampa, nepasitik\u0117jimas savimi, baim\u0117.","breadcrumb":{"@id":"https:\/\/vilmalight.lt\/apie-mane\/#breadcrumb"},"inLanguage":"lt-LT","potentialAction":[{"@type":"ReadAction","target":["https:\/\/vilmalight.lt\/apie-mane\/"]}]},{"@type":"ImageObject","inLanguage":"lt-LT","@id":"https:\/\/vilmalight.lt\/apie-mane\/#primaryimage","url":"https:\/\/vilmalight.lt\/wp-content\/uploads\/2024\/12\/balta-did.png","contentUrl":"https:\/\/vilmalight.lt\/wp-content\/uploads\/2024\/12\/balta-did.png","width":1092,"height":852},{"@type":"BreadcrumbList","@id":"https:\/\/vilmalight.lt\/apie-mane\/#breadcrumb","itemListElement":[{"@type":"ListItem","position":1,"name":"Home","item":"https:\/\/vilmalight.lt\/"},{"@type":"ListItem","position":2,"name":"Apie mane"}]},{"@type":"WebSite","@id":"https:\/\/vilmalight.lt\/#website","url":"https:\/\/vilmalight.lt\/","name":"Vilma LIGHT","description":"","potentialAction":[{"@type":"SearchAction","target":{"@type":"EntryPoint","urlTemplate":"https:\/\/vilmalight.lt\/?s={search_term_string}"},"query-input":{"@type":"PropertyValueSpecification","valueRequired":true,"valueName":"search_term_string"}}],"inLanguage":"lt-LT"}]}},"_links":{"self":[{"href":"https:\/\/vilmalight.lt\/lt\/wp-json\/wp\/v2\/pages\/687","targetHints":{"allow":["GET"]}}],"collection":[{"href":"https:\/\/vilmalight.lt\/lt\/wp-json\/wp\/v2\/pages"}],"about":[{"href":"https:\/\/vilmalight.lt\/lt\/wp-json\/wp\/v2\/types\/page"}],"author":[{"embeddable":true,"href":"https:\/\/vilmalight.lt\/lt\/wp-json\/wp\/v2\/users\/1"}],"replies":[{"embeddable":true,"href":"https:\/\/vilmalight.lt\/lt\/wp-json\/wp\/v2\/comments?post=687"}],"version-history":[{"count":149,"href":"https:\/\/vilmalight.lt\/lt\/wp-json\/wp\/v2\/pages\/687\/revisions"}],"predecessor-version":[{"id":3541,"href":"https:\/\/vilmalight.lt\/lt\/wp-json\/wp\/v2\/pages\/687\/revisions\/3541"}],"wp:featuredmedia":[{"embeddable":true,"href":"https:\/\/vilmalight.lt\/lt\/wp-json\/wp\/v2\/media\/1508"}],"wp:attachment":[{"href":"https:\/\/vilmalight.lt\/lt\/wp-json\/wp\/v2\/media?parent=687"}],"curies":[{"name":"wp","href":"https:\/\/api.w.org\/{rel}","templated":true}]}}