{"id":827,"date":"2020-11-23T15:48:03","date_gmt":"2020-11-23T15:48:03","guid":{"rendered":"https:\/\/qi76.qodeinteractive.com\/?page_id=827"},"modified":"2026-01-31T16:34:30","modified_gmt":"2026-01-31T16:34:30","slug":"paslaugos","status":"publish","type":"page","link":"https:\/\/vilmalight.lt\/lt\/paslaugos\/","title":{"rendered":"Paslaugos"},"content":{"rendered":"\t\t<div data-elementor-type=\"wp-page\" data-elementor-id=\"827\" class=\"elementor elementor-827\" data-elementor-post-type=\"page\">\n\t\t\t\t\t\t<section class=\"elementor-section elementor-top-section elementor-element elementor-element-53e5ee28 elementor-section-full_width qodef-elementor-content-grid elementor-section-height-default elementor-section-height-default\" data-id=\"53e5ee28\" data-element_type=\"section\">\n\t\t\t\t\t\t<div class=\"elementor-container elementor-column-gap-no\">\n\t\t\t\t\t<div class=\"elementor-column elementor-col-50 elementor-top-column elementor-element elementor-element-7151a47d\" data-id=\"7151a47d\" data-element_type=\"column\">\n\t\t\t<div class=\"elementor-widget-wrap elementor-element-populated\">\n\t\t\t\t\t\t<div class=\"elementor-element elementor-element-361f438f elementor-widget elementor-widget-image\" data-id=\"361f438f\" data-element_type=\"widget\" data-widget_type=\"image.default\">\n\t\t\t\t<div class=\"elementor-widget-container\">\n\t\t\t\t\t\t\t\t\t\t\t\t\t\t\t<img fetchpriority=\"high\" decoding=\"async\" width=\"1092\" height=\"852\" src=\"https:\/\/vilmalight.lt\/wp-content\/uploads\/2024\/12\/balta-did.png\" class=\"attachment-full size-full wp-image-1508\" alt=\"\" srcset=\"https:\/\/vilmalight.lt\/wp-content\/uploads\/2024\/12\/balta-did.png 1092w, https:\/\/vilmalight.lt\/wp-content\/uploads\/2024\/12\/balta-did-300x234.png 300w, https:\/\/vilmalight.lt\/wp-content\/uploads\/2024\/12\/balta-did-1024x799.png 1024w, https:\/\/vilmalight.lt\/wp-content\/uploads\/2024\/12\/balta-did-768x599.png 768w\" sizes=\"(max-width: 1092px) 100vw, 1092px\" \/>\t\t\t\t\t\t\t\t\t\t\t\t\t\t\t<\/div>\n\t\t\t\t<\/div>\n\t\t\t\t\t<\/div>\n\t\t<\/div>\n\t\t\t\t<div class=\"elementor-column elementor-col-50 elementor-top-column elementor-element elementor-element-2c923153\" data-id=\"2c923153\" data-element_type=\"column\">\n\t\t\t<div class=\"elementor-widget-wrap elementor-element-populated\">\n\t\t\t\t\t\t<div class=\"elementor-element elementor-element-3c531e5 elementor-widget elementor-widget-qi_addons_for_elementor_section_title\" data-id=\"3c531e5\" data-element_type=\"widget\" data-widget_type=\"qi_addons_for_elementor_section_title.default\">\n\t\t\t\t<div class=\"elementor-widget-container\">\n\t\t\t\t\t<div class=\"qodef-shortcode qodef-m qodef-qi-section-title qodef-decoration--italic qodef-link--underline-draw qodef-subtitle-icon--left\">\n\t\t\t\t\t\t<h2 class=\"qodef-m-title\">\n\t\tAsmenin\u0117 sesija\t<\/h2>\n\t\t\t<div class=\"qodef-m-text\"><p><span style=\"font-weight: 400\">Vyksta gyvai arba internetu. Kokyb\u0117 abiem atvejais tokia pati. Galimyb\u0117 susitikti gyvai derinama individualiai. Kartu ie\u0161kosime atsakym\u0173 \u012f Jums r\u016bpimus klausimus: santyki\u0173, finans\u0173, lig\u0173, u\u017estrigim\u0173 ir kitus. Suvokimai ateina susijungus J\u016bs\u0173 ir mano Auk\u0161\u010diausiajam A\u0161.<\/span><\/p><\/div>\n\t\t<div class=\"qodef-m-button qodef-qi-clear\">\n\t\t<a class=\"qodef-shortcode qodef-m qodef-qi-button qodef-html--link qodef-layout--filled qodef-type--standard qodef-icon--right qodef-hover--icon-move-horizontal-short\" href=\"https:\/\/vilmalight.lt\/lt\/asmenine-sesija\/\" target=\"_self\">\t<span class=\"qodef-m-text\">Skaityti daugiau<\/span>\t<\/a>\t<\/div>\n<\/div>\n\t\t\t\t<\/div>\n\t\t\t\t<\/div>\n\t\t\t\t\t<\/div>\n\t\t<\/div>\n\t\t\t\t\t<\/div>\n\t\t<\/section>\n\t\t\t\t<section class=\"elementor-section elementor-top-section elementor-element elementor-element-3b48960c elementor-section-full_width qodef-elementor-content-grid elementor-section-height-default elementor-section-height-default\" data-id=\"3b48960c\" data-element_type=\"section\">\n\t\t\t\t\t\t<div class=\"elementor-container elementor-column-gap-no\">\n\t\t\t\t\t<div class=\"elementor-column elementor-col-50 elementor-top-column elementor-element elementor-element-75877030\" data-id=\"75877030\" data-element_type=\"column\">\n\t\t\t<div class=\"elementor-widget-wrap elementor-element-populated\">\n\t\t\t\t\t\t<div class=\"elementor-element elementor-element-9e9859f elementor-hidden-desktop elementor-hidden-tablet elementor-widget elementor-widget-image\" data-id=\"9e9859f\" data-element_type=\"widget\" data-widget_type=\"image.default\">\n\t\t\t\t<div class=\"elementor-widget-container\">\n\t\t\t\t\t\t\t\t\t\t\t\t\t\t\t<img decoding=\"async\" width=\"2446\" height=\"1800\" src=\"https:\/\/vilmalight.lt\/wp-content\/uploads\/2026\/01\/sita.jpg\" class=\"attachment-full size-full wp-image-3093\" alt=\"\" srcset=\"https:\/\/vilmalight.lt\/wp-content\/uploads\/2026\/01\/sita.jpg 2446w, https:\/\/vilmalight.lt\/wp-content\/uploads\/2026\/01\/sita-300x221.jpg 300w, https:\/\/vilmalight.lt\/wp-content\/uploads\/2026\/01\/sita-1024x754.jpg 1024w, https:\/\/vilmalight.lt\/wp-content\/uploads\/2026\/01\/sita-768x565.jpg 768w, https:\/\/vilmalight.lt\/wp-content\/uploads\/2026\/01\/sita-1536x1130.jpg 1536w, https:\/\/vilmalight.lt\/wp-content\/uploads\/2026\/01\/sita-2048x1507.jpg 2048w, https:\/\/vilmalight.lt\/wp-content\/uploads\/2026\/01\/sita-16x12.jpg 16w\" sizes=\"(max-width: 2446px) 100vw, 2446px\" \/>\t\t\t\t\t\t\t\t\t\t\t\t\t\t\t<\/div>\n\t\t\t\t<\/div>\n\t\t\t\t<div class=\"elementor-element elementor-element-a1a7fb4 elementor-widget elementor-widget-qi_addons_for_elementor_section_title\" data-id=\"a1a7fb4\" data-element_type=\"widget\" data-widget_type=\"qi_addons_for_elementor_section_title.default\">\n\t\t\t\t<div class=\"elementor-widget-container\">\n\t\t\t\t\t<div class=\"qodef-shortcode qodef-m qodef-qi-section-title qodef-decoration--italic qodef-link--underline-draw qodef-subtitle-icon--left\">\n\t\t\t\t\t\t<h2 class=\"qodef-m-title\">\n\t\tPatyrimin\u0117s dirbtuv\u0117s\t<\/h2>\n\t\t\t<div class=\"qodef-m-text\"><p><span style=\"font-weight: 400\">Kiekvienos dirbtuv\u0117s yra unikalios. Dirbtuv\u0117se gilinam\u0117s \u012f pas\u0105mon\u0119, transformuojame ribojan\u010dius \u012fsitikinimus ir aktyvuojame vidin\u0119 energij\u0105. Praktikos padeda priimti sprendimus lengviau, gyventi autenti\u0161kai ir sustiprinti ry\u0161\u012f su savimi bei kitais. <\/span><\/p><\/div>\n\t\t<div class=\"qodef-m-button qodef-qi-clear\">\n\t\t<a class=\"qodef-shortcode qodef-m qodef-qi-button qodef-html--link qodef-layout--filled qodef-type--standard qodef-icon--right qodef-hover--icon-move-horizontal-short\" href=\"https:\/\/vilmalight.lt\/lt\/uzsakomosios-dirbtuves-kolektyvui\/\" target=\"_self\">\t<span class=\"qodef-m-text\">Skaityti daugiau<\/span>\t<\/a>\t<\/div>\n<\/div>\n\t\t\t\t<\/div>\n\t\t\t\t<\/div>\n\t\t\t\t\t<\/div>\n\t\t<\/div>\n\t\t\t\t<div class=\"elementor-column elementor-col-50 elementor-top-column elementor-element elementor-element-6a753435\" data-id=\"6a753435\" data-element_type=\"column\">\n\t\t\t<div class=\"elementor-widget-wrap elementor-element-populated\">\n\t\t\t\t\t\t<div class=\"elementor-element elementor-element-7be0017b elementor-hidden-mobile elementor-widget elementor-widget-image\" data-id=\"7be0017b\" data-element_type=\"widget\" data-widget_type=\"image.default\">\n\t\t\t\t<div class=\"elementor-widget-container\">\n\t\t\t\t\t\t\t\t\t\t\t\t\t\t\t<img decoding=\"async\" width=\"2446\" height=\"1800\" src=\"https:\/\/vilmalight.lt\/wp-content\/uploads\/2026\/01\/sita.jpg\" class=\"attachment-full size-full wp-image-3093\" alt=\"\" srcset=\"https:\/\/vilmalight.lt\/wp-content\/uploads\/2026\/01\/sita.jpg 2446w, https:\/\/vilmalight.lt\/wp-content\/uploads\/2026\/01\/sita-300x221.jpg 300w, https:\/\/vilmalight.lt\/wp-content\/uploads\/2026\/01\/sita-1024x754.jpg 1024w, https:\/\/vilmalight.lt\/wp-content\/uploads\/2026\/01\/sita-768x565.jpg 768w, https:\/\/vilmalight.lt\/wp-content\/uploads\/2026\/01\/sita-1536x1130.jpg 1536w, https:\/\/vilmalight.lt\/wp-content\/uploads\/2026\/01\/sita-2048x1507.jpg 2048w, https:\/\/vilmalight.lt\/wp-content\/uploads\/2026\/01\/sita-16x12.jpg 16w\" sizes=\"(max-width: 2446px) 100vw, 2446px\" \/>\t\t\t\t\t\t\t\t\t\t\t\t\t\t\t<\/div>\n\t\t\t\t<\/div>\n\t\t\t\t\t<\/div>\n\t\t<\/div>\n\t\t\t\t\t<\/div>\n\t\t<\/section>\n\t\t\t\t<section class=\"elementor-section elementor-top-section elementor-element elementor-element-720a4d6 elementor-section-full_width qodef-elementor-content-grid elementor-section-height-default elementor-section-height-default\" data-id=\"720a4d6\" data-element_type=\"section\">\n\t\t\t\t\t\t<div class=\"elementor-container elementor-column-gap-no\">\n\t\t\t\t\t<div class=\"elementor-column elementor-col-50 elementor-top-column elementor-element elementor-element-0ddccea\" data-id=\"0ddccea\" data-element_type=\"column\">\n\t\t\t<div class=\"elementor-widget-wrap elementor-element-populated\">\n\t\t\t\t\t\t<div class=\"elementor-element elementor-element-40b1c27 elementor-widget elementor-widget-image\" data-id=\"40b1c27\" data-element_type=\"widget\" data-widget_type=\"image.default\">\n\t\t\t\t<div class=\"elementor-widget-container\">\n\t\t\t\t\t\t\t\t\t\t\t\t\t\t\t<img decoding=\"async\" width=\"2194\" height=\"1749\" src=\"https:\/\/vilmalight.lt\/wp-content\/uploads\/2026\/01\/savarankiskoms.jpg\" class=\"attachment-full size-full wp-image-3097\" alt=\"\" srcset=\"https:\/\/vilmalight.lt\/wp-content\/uploads\/2026\/01\/savarankiskoms.jpg 2194w, https:\/\/vilmalight.lt\/wp-content\/uploads\/2026\/01\/savarankiskoms-300x239.jpg 300w, https:\/\/vilmalight.lt\/wp-content\/uploads\/2026\/01\/savarankiskoms-1024x816.jpg 1024w, https:\/\/vilmalight.lt\/wp-content\/uploads\/2026\/01\/savarankiskoms-768x612.jpg 768w, https:\/\/vilmalight.lt\/wp-content\/uploads\/2026\/01\/savarankiskoms-1536x1224.jpg 1536w, https:\/\/vilmalight.lt\/wp-content\/uploads\/2026\/01\/savarankiskoms-2048x1633.jpg 2048w, https:\/\/vilmalight.lt\/wp-content\/uploads\/2026\/01\/savarankiskoms-15x12.jpg 15w\" sizes=\"(max-width: 2194px) 100vw, 2194px\" \/>\t\t\t\t\t\t\t\t\t\t\t\t\t\t\t<\/div>\n\t\t\t\t<\/div>\n\t\t\t\t\t<\/div>\n\t\t<\/div>\n\t\t\t\t<div class=\"elementor-column elementor-col-50 elementor-top-column elementor-element elementor-element-15fef0b\" data-id=\"15fef0b\" data-element_type=\"column\">\n\t\t\t<div class=\"elementor-widget-wrap elementor-element-populated\">\n\t\t\t\t\t\t<div class=\"elementor-element elementor-element-86fcb9a elementor-widget elementor-widget-qi_addons_for_elementor_section_title\" data-id=\"86fcb9a\" data-element_type=\"widget\" data-widget_type=\"qi_addons_for_elementor_section_title.default\">\n\t\t\t\t<div class=\"elementor-widget-container\">\n\t\t\t\t\t<div class=\"qodef-shortcode qodef-m qodef-qi-section-title qodef-decoration--italic qodef-link--underline-draw qodef-subtitle-icon--left\">\n\t\t\t\t\t\t<h2 class=\"qodef-m-title\">\n\t\tSavaranki\u0161kos praktikos\t<\/h2>\n\t\t\t<div class=\"qodef-m-text\"><p>Savaranki\u0161ka, jau \u012fvykusi\u0173 grupini\u0173 susitikim\u0173 per\u017ei\u016bra. \u012era\u0161uose konkre\u010dios temos, teorin\u0117 bei praktin\u0117 dalys. Susitikimai su dalyvi\u0173 klausimais, komentarais, situacij\u0173 nagrin\u0117jimu bei nukreipimu. Laisvas, draugi\u0161kas formatas, negird\u0117tos \u017einios, nepatirtos praktikos.\u00a0<\/p><\/div>\n\t\t<div class=\"qodef-m-button qodef-qi-clear\">\n\t\t<a class=\"qodef-shortcode qodef-m qodef-qi-button qodef-html--link qodef-layout--filled qodef-type--standard qodef-icon--right qodef-hover--icon-move-horizontal-short\" href=\"https:\/\/vilmalight.lt\/lt\/savarankiskos-praktikos\/\" target=\"_self\">\t<span class=\"qodef-m-text\">Skaityti daugiau<\/span>\t<\/a>\t<\/div>\n<\/div>\n\t\t\t\t<\/div>\n\t\t\t\t<\/div>\n\t\t\t\t\t<\/div>\n\t\t<\/div>\n\t\t\t\t\t<\/div>\n\t\t<\/section>\n\t\t\t\t<section class=\"elementor-section elementor-top-section elementor-element elementor-element-9b6b199 elementor-section-full_width qodef-elementor-content-grid elementor-section-height-default elementor-section-height-default\" data-id=\"9b6b199\" data-element_type=\"section\">\n\t\t\t\t\t\t<div class=\"elementor-container elementor-column-gap-no\">\n\t\t\t\t\t<div class=\"elementor-column elementor-col-100 elementor-top-column elementor-element elementor-element-d5928ea\" data-id=\"d5928ea\" data-element_type=\"column\" data-settings=\"{&quot;background_background&quot;:&quot;classic&quot;}\">\n\t\t\t<div class=\"elementor-widget-wrap elementor-element-populated\">\n\t\t\t\t\t\t<div class=\"elementor-element elementor-element-04d1d29 elementor-widget elementor-widget-qi_addons_for_elementor_section_title\" data-id=\"04d1d29\" data-element_type=\"widget\" data-widget_type=\"qi_addons_for_elementor_section_title.default\">\n\t\t\t\t<div class=\"elementor-widget-container\">\n\t\t\t\t\t<div class=\"qodef-shortcode qodef-m qodef-qi-section-title qodef-decoration--italic qodef-link--underline-draw qodef-subtitle-icon--left\">\n\t\t\t\t\t\t<h2 class=\"qodef-m-title\">\n\t\tSusisiekite\t<\/h2>\n\t\t\t<div class=\"qodef-m-text\"><p><span style=\"font-weight: 400\">Susitikimai vyksta gyvai ir internetu.<\/span><span style=\"font-weight: 400\"><br \/><\/span><span style=\"font-weight: 400\">Para\u0161ykite, jei norite u\u017eduoti klausim\u0105, susitarti d\u0117l asmenin\u0117s sesijos,\u00a0<\/span><\/p><p><span style=\"font-weight: 400\">dalyvauti patyrimin\u0117se dirbtuv\u0117se ar \u012fsigyti savaranki\u0161kas praktikas.<\/span><\/p><\/div>\n\t<\/div>\n\t\t\t\t<\/div>\n\t\t\t\t<\/div>\n\t\t\t\t\t<\/div>\n\t\t<\/div>\n\t\t\t\t\t<\/div>\n\t\t<\/section>\n\t\t\t\t<section class=\"elementor-section elementor-top-section elementor-element elementor-element-4468e90 elementor-section-full_width qodef-elementor-content-grid elementor-section-content-middle elementor-section-height-default elementor-section-height-default\" data-id=\"4468e90\" data-element_type=\"section\">\n\t\t\t\t\t\t<div class=\"elementor-container elementor-column-gap-no\">\n\t\t\t\t\t<div class=\"elementor-column elementor-col-100 elementor-top-column elementor-element elementor-element-303ff2f\" data-id=\"303ff2f\" data-element_type=\"column\">\n\t\t\t<div class=\"elementor-widget-wrap elementor-element-populated\">\n\t\t\t\t\t\t<div class=\"elementor-element elementor-element-f880b71 elementor-widget elementor-widget-form\" data-id=\"f880b71\" data-element_type=\"widget\" data-settings=\"{&quot;button_width&quot;:&quot;33&quot;,&quot;step_next_label&quot;:&quot;Next&quot;,&quot;step_previous_label&quot;:&quot;Previous&quot;,&quot;step_type&quot;:&quot;number_text&quot;,&quot;step_icon_shape&quot;:&quot;circle&quot;}\" data-widget_type=\"form.default\">\n\t\t\t\t<div class=\"elementor-widget-container\">\n\t\t\t\t\t\t\t<form class=\"elementor-form\" method=\"post\" name=\"New Form\" aria-label=\"New Form\">\n\t\t\t<input type=\"hidden\" name=\"post_id\" value=\"827\"\/>\n\t\t\t<input type=\"hidden\" name=\"form_id\" value=\"f880b71\"\/>\n\t\t\t<input type=\"hidden\" name=\"referer_title\" value=\"Paslaugos - Vilmalight\" \/>\n\n\t\t\t\t\t\t\t<input type=\"hidden\" name=\"queried_id\" value=\"827\"\/>\n\t\t\t\n\t\t\t<div class=\"elementor-form-fields-wrapper elementor-labels-above\">\n\t\t\t\t\t\t\t\t<div class=\"elementor-field-type-text elementor-field-group elementor-column elementor-field-group-name elementor-col-80 elementor-field-required\">\n\t\t\t\t\t\t\t\t\t\t\t\t\t<input size=\"1\" type=\"text\" name=\"form_fields[name]\" id=\"form-field-name\" class=\"elementor-field elementor-size-md  elementor-field-textual\" placeholder=\"Vardas\" required=\"required\">\n\t\t\t\t\t\t\t\t\t\t\t<\/div>\n\t\t\t\t\t\t\t\t<div class=\"elementor-field-type-email elementor-field-group elementor-column elementor-field-group-email elementor-col-80 elementor-field-required\">\n\t\t\t\t\t\t\t\t\t\t\t\t\t<input size=\"1\" type=\"email\" name=\"form_fields[email]\" id=\"form-field-email\" class=\"elementor-field elementor-size-md  elementor-field-textual\" placeholder=\"El. pa\u0161tas\" required=\"required\">\n\t\t\t\t\t\t\t\t\t\t\t<\/div>\n\t\t\t\t\t\t\t\t<div class=\"elementor-field-type-textarea elementor-field-group elementor-column elementor-field-group-message elementor-col-80\">\n\t\t\t\t\t<textarea class=\"elementor-field-textual elementor-field  elementor-size-md\" name=\"form_fields[message]\" id=\"form-field-message\" rows=\"4\" placeholder=\"\u017dinut\u0117\"><\/textarea>\t\t\t\t<\/div>\n\t\t\t\t\t\t\t\t<div class=\"elementor-field-type-recaptcha_v3 elementor-field-group elementor-column elementor-field-group-field_f964179 elementor-col-100 recaptcha_v3-bottomright\">\n\t\t\t\t\t<div class=\"elementor-field\" id=\"form-field-field_f964179\"><div class=\"elementor-g-recaptcha\" data-sitekey=\"6LcRoWIrAAAAACFN-rxSFEw5pzkWrBQ-Q5M0Yjf6\" data-type=\"v3\" data-action=\"Form\" data-badge=\"bottomright\" data-size=\"invisible\"><\/div><\/div>\t\t\t\t<\/div>\n\t\t\t\t\t\t\t\t<div class=\"elementor-field-group elementor-column elementor-field-type-submit elementor-col-33 e-form__buttons\">\n\t\t\t\t\t<button class=\"elementor-button elementor-size-sm\" type=\"submit\">\n\t\t\t\t\t\t<span class=\"elementor-button-content-wrapper\">\n\t\t\t\t\t\t\t\t\t\t\t\t\t\t\t\t\t\t\t\t\t\t<span class=\"elementor-button-text\">Si\u0173sti<\/span>\n\t\t\t\t\t\t\t\t\t\t\t\t\t<\/span>\n\t\t\t\t\t<\/button>\n\t\t\t\t<\/div>\n\t\t\t<\/div>\n\t\t<\/form>\n\t\t\t\t\t\t<\/div>\n\t\t\t\t<\/div>\n\t\t\t\t\t<\/div>\n\t\t<\/div>\n\t\t\t\t\t<\/div>\n\t\t<\/section>\n\t\t\t\t<\/div>\n\t\t","protected":false},"excerpt":{"rendered":"<p>Asmenin\u0117 sesija Vyksta gyvai arba internetu. Kokyb\u0117 abiem atvejais tokia pati. Galimyb\u0117 susitikti gyvai derinama individualiai. Kartu ie\u0161kosime atsakym\u0173 \u012f Jums r\u016bpimus klausimus: santyki\u0173, finans\u0173, lig\u0173, u\u017estrigim\u0173 ir kitus. Suvokimai ateina susijungus J\u016bs\u0173 ir mano Auk\u0161\u010diausiajam A\u0161. Skaityti daugiau Patyrimin\u0117s dirbtuv\u0117s Kiekvienos dirbtuv\u0117s yra unikalios. Dirbtuv\u0117se gilinam\u0117s \u012f pas\u0105mon\u0119, transformuojame ribojan\u010dius \u012fsitikinimus ir aktyvuojame vidin\u0119 [&hellip;]<\/p>\n","protected":false},"author":1,"featured_media":1508,"parent":0,"menu_order":0,"comment_status":"closed","ping_status":"closed","template":"qi-full-width.php","meta":{"inline_featured_image":false,"footnotes":""},"class_list":["post-827","page","type-page","status-publish","has-post-thumbnail","hentry"],"yoast_head":"<!-- This site is optimized with the Yoast SEO plugin v26.8 - https:\/\/yoast.com\/product\/yoast-seo-wordpress\/ -->\n<title>Paslaugos - Vilmalight<\/title>\n<meta name=\"description\" content=\"Vilma LIGHT: konsultacijos, mentoryst\u0117 ir sav\u0119s pa\u017einimas. Pinigai ir savirealizacija, \u0161eima ir santykiai, sveikata ir darbas. Ne\u017einia, baim\u0117, \u012ftampa, nepasitik\u0117jimas savimi. Pokytis per darb\u0105 su pas\u0105mone.\" \/>\n<meta name=\"robots\" content=\"index, follow, max-snippet:-1, max-image-preview:large, max-video-preview:-1\" \/>\n<link rel=\"canonical\" href=\"https:\/\/vilmalight.lt\/lt\/paslaugos\/\" \/>\n<meta property=\"og:locale\" content=\"lt_LT\" \/>\n<meta property=\"og:type\" content=\"article\" \/>\n<meta property=\"og:title\" content=\"Paslaugos\" \/>\n<meta property=\"og:description\" content=\"Vilma LIGHT: konsultacijos, mentoryst\u0117 ir sav\u0119s pa\u017einimas. Pinigai ir savirealizacija, \u0161eima ir santykiai, sveikata ir darbas. Ne\u017einia, baim\u0117, \u012ftampa, nepasitik\u0117jimas savimi. Pokytis per darb\u0105 su pas\u0105mone.\" \/>\n<meta property=\"og:url\" content=\"https:\/\/vilmalight.lt\/lt\/paslaugos\/\" \/>\n<meta property=\"og:site_name\" content=\"Vilmalight\" \/>\n<meta property=\"article:modified_time\" content=\"2026-01-31T16:34:30+00:00\" \/>\n<meta property=\"og:image\" content=\"https:\/\/vilmalight.lt\/wp-content\/uploads\/2024\/12\/balta-did.png\" \/>\n\t<meta property=\"og:image:width\" content=\"1092\" \/>\n\t<meta property=\"og:image:height\" content=\"852\" \/>\n\t<meta property=\"og:image:type\" content=\"image\/png\" \/>\n<meta name=\"twitter:card\" content=\"summary_large_image\" \/>\n<meta name=\"twitter:label1\" content=\"Est. reading time\" \/>\n\t<meta name=\"twitter:data1\" content=\"1 minut\u0117\" \/>\n<script type=\"application\/ld+json\" class=\"yoast-schema-graph\">{\"@context\":\"https:\/\/schema.org\",\"@graph\":[{\"@type\":\"WebPage\",\"@id\":\"https:\/\/vilmalight.lt\/paslaugos\/\",\"url\":\"https:\/\/vilmalight.lt\/paslaugos\/\",\"name\":\"Paslaugos - Vilmalight\",\"isPartOf\":{\"@id\":\"https:\/\/vilmalight.lt\/#website\"},\"primaryImageOfPage\":{\"@id\":\"https:\/\/vilmalight.lt\/paslaugos\/#primaryimage\"},\"image\":{\"@id\":\"https:\/\/vilmalight.lt\/paslaugos\/#primaryimage\"},\"thumbnailUrl\":\"https:\/\/vilmalight.lt\/wp-content\/uploads\/2024\/12\/balta-did.png\",\"datePublished\":\"2020-11-23T15:48:03+00:00\",\"dateModified\":\"2026-01-31T16:34:30+00:00\",\"description\":\"Vilma LIGHT: konsultacijos, mentoryst\u0117 ir sav\u0119s pa\u017einimas. Pinigai ir savirealizacija, \u0161eima ir santykiai, sveikata ir darbas. Ne\u017einia, baim\u0117, \u012ftampa, nepasitik\u0117jimas savimi. Pokytis per darb\u0105 su pas\u0105mone.\",\"breadcrumb\":{\"@id\":\"https:\/\/vilmalight.lt\/paslaugos\/#breadcrumb\"},\"inLanguage\":\"lt-LT\",\"potentialAction\":[{\"@type\":\"ReadAction\",\"target\":[\"https:\/\/vilmalight.lt\/paslaugos\/\"]}]},{\"@type\":\"ImageObject\",\"inLanguage\":\"lt-LT\",\"@id\":\"https:\/\/vilmalight.lt\/paslaugos\/#primaryimage\",\"url\":\"https:\/\/vilmalight.lt\/wp-content\/uploads\/2024\/12\/balta-did.png\",\"contentUrl\":\"https:\/\/vilmalight.lt\/wp-content\/uploads\/2024\/12\/balta-did.png\",\"width\":1092,\"height\":852},{\"@type\":\"BreadcrumbList\",\"@id\":\"https:\/\/vilmalight.lt\/paslaugos\/#breadcrumb\",\"itemListElement\":[{\"@type\":\"ListItem\",\"position\":1,\"name\":\"Home\",\"item\":\"https:\/\/vilmalight.lt\/\"},{\"@type\":\"ListItem\",\"position\":2,\"name\":\"Paslaugos\"}]},{\"@type\":\"WebSite\",\"@id\":\"https:\/\/vilmalight.lt\/#website\",\"url\":\"https:\/\/vilmalight.lt\/\",\"name\":\"Vilma LIGHT\",\"description\":\"\",\"potentialAction\":[{\"@type\":\"SearchAction\",\"target\":{\"@type\":\"EntryPoint\",\"urlTemplate\":\"https:\/\/vilmalight.lt\/?s={search_term_string}\"},\"query-input\":{\"@type\":\"PropertyValueSpecification\",\"valueRequired\":true,\"valueName\":\"search_term_string\"}}],\"inLanguage\":\"lt-LT\"}]}<\/script>\n<!-- \/ Yoast SEO plugin. -->","yoast_head_json":{"title":"Paslaugos - Vilmalight","description":"Vilma LIGHT: konsultacijos, mentoryst\u0117 ir sav\u0119s pa\u017einimas. Pinigai ir savirealizacija, \u0161eima ir santykiai, sveikata ir darbas. Ne\u017einia, baim\u0117, \u012ftampa, nepasitik\u0117jimas savimi. Pokytis per darb\u0105 su pas\u0105mone.","robots":{"index":"index","follow":"follow","max-snippet":"max-snippet:-1","max-image-preview":"max-image-preview:large","max-video-preview":"max-video-preview:-1"},"canonical":"https:\/\/vilmalight.lt\/lt\/paslaugos\/","og_locale":"lt_LT","og_type":"article","og_title":"Paslaugos","og_description":"Vilma LIGHT: konsultacijos, mentoryst\u0117 ir sav\u0119s pa\u017einimas. Pinigai ir savirealizacija, \u0161eima ir santykiai, sveikata ir darbas. Ne\u017einia, baim\u0117, \u012ftampa, nepasitik\u0117jimas savimi. Pokytis per darb\u0105 su pas\u0105mone.","og_url":"https:\/\/vilmalight.lt\/lt\/paslaugos\/","og_site_name":"Vilmalight","article_modified_time":"2026-01-31T16:34:30+00:00","og_image":[{"width":1092,"height":852,"url":"https:\/\/vilmalight.lt\/wp-content\/uploads\/2024\/12\/balta-did.png","type":"image\/png"}],"twitter_card":"summary_large_image","twitter_misc":{"Est. reading time":"1 minut\u0117"},"schema":{"@context":"https:\/\/schema.org","@graph":[{"@type":"WebPage","@id":"https:\/\/vilmalight.lt\/paslaugos\/","url":"https:\/\/vilmalight.lt\/paslaugos\/","name":"Paslaugos - Vilmalight","isPartOf":{"@id":"https:\/\/vilmalight.lt\/#website"},"primaryImageOfPage":{"@id":"https:\/\/vilmalight.lt\/paslaugos\/#primaryimage"},"image":{"@id":"https:\/\/vilmalight.lt\/paslaugos\/#primaryimage"},"thumbnailUrl":"https:\/\/vilmalight.lt\/wp-content\/uploads\/2024\/12\/balta-did.png","datePublished":"2020-11-23T15:48:03+00:00","dateModified":"2026-01-31T16:34:30+00:00","description":"Vilma LIGHT: konsultacijos, mentoryst\u0117 ir sav\u0119s pa\u017einimas. Pinigai ir savirealizacija, \u0161eima ir santykiai, sveikata ir darbas. Ne\u017einia, baim\u0117, \u012ftampa, nepasitik\u0117jimas savimi. Pokytis per darb\u0105 su pas\u0105mone.","breadcrumb":{"@id":"https:\/\/vilmalight.lt\/paslaugos\/#breadcrumb"},"inLanguage":"lt-LT","potentialAction":[{"@type":"ReadAction","target":["https:\/\/vilmalight.lt\/paslaugos\/"]}]},{"@type":"ImageObject","inLanguage":"lt-LT","@id":"https:\/\/vilmalight.lt\/paslaugos\/#primaryimage","url":"https:\/\/vilmalight.lt\/wp-content\/uploads\/2024\/12\/balta-did.png","contentUrl":"https:\/\/vilmalight.lt\/wp-content\/uploads\/2024\/12\/balta-did.png","width":1092,"height":852},{"@type":"BreadcrumbList","@id":"https:\/\/vilmalight.lt\/paslaugos\/#breadcrumb","itemListElement":[{"@type":"ListItem","position":1,"name":"Home","item":"https:\/\/vilmalight.lt\/"},{"@type":"ListItem","position":2,"name":"Paslaugos"}]},{"@type":"WebSite","@id":"https:\/\/vilmalight.lt\/#website","url":"https:\/\/vilmalight.lt\/","name":"Vilma LIGHT","description":"","potentialAction":[{"@type":"SearchAction","target":{"@type":"EntryPoint","urlTemplate":"https:\/\/vilmalight.lt\/?s={search_term_string}"},"query-input":{"@type":"PropertyValueSpecification","valueRequired":true,"valueName":"search_term_string"}}],"inLanguage":"lt-LT"}]}},"_links":{"self":[{"href":"https:\/\/vilmalight.lt\/lt\/wp-json\/wp\/v2\/pages\/827","targetHints":{"allow":["GET"]}}],"collection":[{"href":"https:\/\/vilmalight.lt\/lt\/wp-json\/wp\/v2\/pages"}],"about":[{"href":"https:\/\/vilmalight.lt\/lt\/wp-json\/wp\/v2\/types\/page"}],"author":[{"embeddable":true,"href":"https:\/\/vilmalight.lt\/lt\/wp-json\/wp\/v2\/users\/1"}],"replies":[{"embeddable":true,"href":"https:\/\/vilmalight.lt\/lt\/wp-json\/wp\/v2\/comments?post=827"}],"version-history":[{"count":109,"href":"https:\/\/vilmalight.lt\/lt\/wp-json\/wp\/v2\/pages\/827\/revisions"}],"predecessor-version":[{"id":3398,"href":"https:\/\/vilmalight.lt\/lt\/wp-json\/wp\/v2\/pages\/827\/revisions\/3398"}],"wp:featuredmedia":[{"embeddable":true,"href":"https:\/\/vilmalight.lt\/lt\/wp-json\/wp\/v2\/media\/1508"}],"wp:attachment":[{"href":"https:\/\/vilmalight.lt\/lt\/wp-json\/wp\/v2\/media?parent=827"}],"curies":[{"name":"wp","href":"https:\/\/api.w.org\/{rel}","templated":true}]}}